{"id":8482,"date":"2019-10-02T09:48:23","date_gmt":"2019-10-02T07:48:23","guid":{"rendered":"https:\/\/novus.panang.nu\/?page_id=8482"},"modified":"2020-04-29T17:29:51","modified_gmt":"2020-04-29T15:29:51","slug":"opinion-samhalle","status":"publish","type":"page","link":"https:\/\/novus.se\/en\/tjanster\/opinion-samhalle\/","title":{"rendered":"Society and opinion"},"content":{"rendered":"<h2><strong>We help you see the reality behind the numbers<\/strong><\/h2>\r\nWe live in a time of development and change. Events in the outside world and rapid dissemination of knowledge affect the mobility of our attitudes and patterns of life in a way we have never seen before. Our consultants follow the social debate and have long experience of opinion polls as a way to understand and interpret the patterns we see in our present day. Together with you, we formulate the right questions and help you see the reality behind the numbers.\r\n\r\nNo matter what your needs look like, we listen and tailor a solution that is best suited to your circumstances. We seriously believe that a survey is more than just a number that gives news value. That is why we at Novus have long been working with a conscious focus on method and quality in both process and delivery.\r\n\r\n&nbsp;\r\n\r\n<!-- \/wp:post-content --> <!-- wp:image {\"id\":9907,\"align\":\"right\",\"width\":251,\"height\":37} -->\r\n<div class=\"wp-block-image\">\r\n<figure class=\"alignright is-resized\"><img loading=\"lazy\" decoding=\"async\" class=\"wp-image-9907\" src=\"https:\/\/novus.se\/wp-content\/uploads\/2019\/10\/svtnovusloggasvart.png\" alt=\"\" width=\"251\" height=\"37\" srcset=\"https:\/\/novus.se\/wp-content\/uploads\/2019\/10\/svtnovusloggasvart-300x46.png 300w, https:\/\/novus.se\/wp-content\/uploads\/2019\/10\/svtnovusloggasvart-600x92.png 600w\" sizes=\"auto, (max-width: 251px) 100vw, 251px\" \/><figcaption>Svt\/Novus v\u00e4ljarbarometer<\/figcaption><\/figure>\r\n<\/div>\r\n<!-- \/wp:image --> <!-- wp:paragraph -->\r\n\r\nOne of our core activities is the work on the Novus Voter Barometer, which is presented each month in collaboration with SVT. There we follow party sympathies and electoral behavior over time. See our Selector Barometer <a href=\"https:\/\/novus.se\/valjaropinionen\/svtnovus-valjarbarometer\/\">here<\/a>.\r\n\r\n<!-- \/wp:paragraph --> <!-- wp:paragraph -->\r\n\r\n<strong>Read more about our various surveys in opinion and society <a href=\"https:\/\/novus.se\/tjanster\/opinion-samhalle\/fordjupning-samhalle-och-opinion\/\">here<\/a>.<\/strong>","protected":false},"excerpt":{"rendered":"<p>We help you see the reality behind the numbers We live in a time of development and change. Events in the outside world and rapid dissemination of knowledge affect the mobility of our attitudes and patterns of life in a way we have never seen before. Our consultants follow the social debate and have long [&hellip;]<\/p>\n","protected":false},"author":5,"featured_media":11319,"parent":14991,"menu_order":4,"comment_status":"closed","ping_status":"closed","template":"","meta":{"_acf_changed":false,"_monsterinsights_skip_tracking":false,"_monsterinsights_sitenote_active":false,"_monsterinsights_sitenote_note":"","_monsterinsights_sitenote_category":0,"_uf_show_specific_survey":0,"_uf_disable_surveys":false,"footnotes":""},"tags":[],"class_list":["post-8482","page","type-page","status-publish","has-post-thumbnail","hentry"],"acf":[],"aioseo_notices":[],"yoast_head":"<!-- This site is optimized with the Yoast SEO plugin v26.5 - https:\/\/yoast.com\/wordpress\/plugins\/seo\/ -->\n<title>Opinion och samh\u00e4lle - Novus analys- och unders\u00f6kningsf\u00f6retag<\/title>\n<meta name=\"description\" content=\"Novus konsulter f\u00f6ljer samh\u00e4llsdebatten och har l\u00e5ng erfarenhet av opinionsunders\u00f6kningar som ett s\u00e4tt att f\u00f6rst\u00e5 och tolka de m\u00f6nster vi ser i v\u00e5r nutid.\" \/>\n<meta name=\"robots\" content=\"index, follow, max-snippet:-1, max-image-preview:large, max-video-preview:-1\" \/>\n<link rel=\"canonical\" href=\"https:\/\/novus.se\/en\/tjanster\/opinion-samhalle\/\" \/>\n<meta property=\"og:locale\" content=\"en_US\" \/>\n<meta property=\"og:type\" content=\"article\" \/>\n<meta property=\"og:title\" content=\"Opinion och samh\u00e4lle - Novus analys- och unders\u00f6kningsf\u00f6retag\" \/>\n<meta property=\"og:description\" content=\"Novus konsulter f\u00f6ljer samh\u00e4llsdebatten och har l\u00e5ng erfarenhet av opinionsunders\u00f6kningar som ett s\u00e4tt att f\u00f6rst\u00e5 och tolka de m\u00f6nster vi ser i v\u00e5r nutid.\" \/>\n<meta property=\"og:url\" content=\"https:\/\/novus.se\/en\/tjanster\/opinion-samhalle\/\" \/>\n<meta property=\"og:site_name\" content=\"Novus - kunskap och insiktsf\u00f6retag\" \/>\n<meta property=\"article:modified_time\" content=\"2020-04-29T15:29:51+00:00\" \/>\n<meta property=\"og:image\" content=\"https:\/\/novus.se\/wp-content\/uploads\/2019\/11\/uteserveringbeskurenfilter.jpg\" \/>\n\t<meta property=\"og:image:width\" content=\"1920\" \/>\n\t<meta property=\"og:image:height\" content=\"372\" \/>\n\t<meta property=\"og:image:type\" content=\"image\/jpeg\" \/>\n<meta name=\"twitter:label1\" content=\"Est. reading time\" \/>\n\t<meta name=\"twitter:data1\" content=\"1 minute\" \/>\n<script type=\"application\/ld+json\" class=\"yoast-schema-graph\">{\"@context\":\"https:\/\/schema.org\",\"@graph\":[{\"@type\":\"WebPage\",\"@id\":\"https:\/\/novus.se\/en\/tjanster\/opinion-samhalle\/\",\"url\":\"https:\/\/novus.se\/en\/tjanster\/opinion-samhalle\/\",\"name\":\"Opinion och samh\u00e4lle - Novus analys- och unders\u00f6kningsf\u00f6retag\",\"isPartOf\":{\"@id\":\"https:\/\/novus.se\/en\/#website\"},\"primaryImageOfPage\":{\"@id\":\"https:\/\/novus.se\/en\/tjanster\/opinion-samhalle\/#primaryimage\"},\"image\":{\"@id\":\"https:\/\/novus.se\/en\/tjanster\/opinion-samhalle\/#primaryimage\"},\"thumbnailUrl\":\"https:\/\/novus.se\/wp-content\/uploads\/2019\/11\/uteserveringbeskurenfilter.jpg\",\"datePublished\":\"2019-10-02T07:48:23+00:00\",\"dateModified\":\"2020-04-29T15:29:51+00:00\",\"description\":\"Novus konsulter f\u00f6ljer samh\u00e4llsdebatten och har l\u00e5ng erfarenhet av opinionsunders\u00f6kningar som ett s\u00e4tt att f\u00f6rst\u00e5 och tolka de m\u00f6nster vi ser i v\u00e5r nutid.\",\"breadcrumb\":{\"@id\":\"https:\/\/novus.se\/en\/tjanster\/opinion-samhalle\/#breadcrumb\"},\"inLanguage\":\"en-US\",\"potentialAction\":[{\"@type\":\"ReadAction\",\"target\":[\"https:\/\/novus.se\/en\/tjanster\/opinion-samhalle\/\"]}]},{\"@type\":\"ImageObject\",\"inLanguage\":\"en-US\",\"@id\":\"https:\/\/novus.se\/en\/tjanster\/opinion-samhalle\/#primaryimage\",\"url\":\"https:\/\/novus.se\/wp-content\/uploads\/2019\/11\/uteserveringbeskurenfilter.jpg\",\"contentUrl\":\"https:\/\/novus.se\/wp-content\/uploads\/2019\/11\/uteserveringbeskurenfilter.jpg\",\"width\":1920,\"height\":372},{\"@type\":\"BreadcrumbList\",\"@id\":\"https:\/\/novus.se\/en\/tjanster\/opinion-samhalle\/#breadcrumb\",\"itemListElement\":[{\"@type\":\"ListItem\",\"position\":1,\"name\":\"Hem\",\"item\":\"https:\/\/novus.se\/en\/\"},{\"@type\":\"ListItem\",\"position\":2,\"name\":\"Our services\",\"item\":\"https:\/\/novus.se\/en\/tjanster\/\"},{\"@type\":\"ListItem\",\"position\":3,\"name\":\"Society and opinion\"}]},{\"@type\":\"WebSite\",\"@id\":\"https:\/\/novus.se\/en\/#website\",\"url\":\"https:\/\/novus.se\/en\/\",\"name\":\"Novus - Kunskap och unders\u00f6kningar\",\"description\":\"Makning knowledge great again\",\"publisher\":{\"@id\":\"https:\/\/novus.se\/en\/#organization\"},\"potentialAction\":[{\"@type\":\"SearchAction\",\"target\":{\"@type\":\"EntryPoint\",\"urlTemplate\":\"https:\/\/novus.se\/en\/?s={search_term_string}\"},\"query-input\":{\"@type\":\"PropertyValueSpecification\",\"valueRequired\":true,\"valueName\":\"search_term_string\"}}],\"inLanguage\":\"en-US\"},{\"@type\":\"Organization\",\"@id\":\"https:\/\/novus.se\/en\/#organization\",\"name\":\"Novus\",\"url\":\"https:\/\/novus.se\/en\/\",\"logo\":{\"@type\":\"ImageObject\",\"inLanguage\":\"en-US\",\"@id\":\"https:\/\/novus.se\/en\/#\/schema\/logo\/image\/\",\"url\":\"https:\/\/novus.se\/wp-content\/uploads\/2017\/06\/82cc3634f4c39485e80192705cccb4a1.jpg\",\"contentUrl\":\"https:\/\/novus.se\/wp-content\/uploads\/2017\/06\/82cc3634f4c39485e80192705cccb4a1.jpg\",\"width\":1500,\"height\":290,\"caption\":\"Novus\"},\"image\":{\"@id\":\"https:\/\/novus.se\/en\/#\/schema\/logo\/image\/\"}}]}<\/script>\n<!-- \/ Yoast SEO plugin. -->","yoast_head_json":{"title":"Opinion och samh\u00e4lle - Novus analys- och unders\u00f6kningsf\u00f6retag","description":"Novus konsulter f\u00f6ljer samh\u00e4llsdebatten och har l\u00e5ng erfarenhet av opinionsunders\u00f6kningar som ett s\u00e4tt att f\u00f6rst\u00e5 och tolka de m\u00f6nster vi ser i v\u00e5r nutid.","robots":{"index":"index","follow":"follow","max-snippet":"max-snippet:-1","max-image-preview":"max-image-preview:large","max-video-preview":"max-video-preview:-1"},"canonical":"https:\/\/novus.se\/en\/tjanster\/opinion-samhalle\/","og_locale":"en_US","og_type":"article","og_title":"Opinion och samh\u00e4lle - Novus analys- och unders\u00f6kningsf\u00f6retag","og_description":"Novus konsulter f\u00f6ljer samh\u00e4llsdebatten och har l\u00e5ng erfarenhet av opinionsunders\u00f6kningar som ett s\u00e4tt att f\u00f6rst\u00e5 och tolka de m\u00f6nster vi ser i v\u00e5r nutid.","og_url":"https:\/\/novus.se\/en\/tjanster\/opinion-samhalle\/","og_site_name":"Novus - kunskap och insiktsf\u00f6retag","article_modified_time":"2020-04-29T15:29:51+00:00","og_image":[{"width":1920,"height":372,"url":"https:\/\/novus.se\/wp-content\/uploads\/2019\/11\/uteserveringbeskurenfilter.jpg","type":"image\/jpeg"}],"twitter_misc":{"Est. reading time":"1 minute"},"schema":{"@context":"https:\/\/schema.org","@graph":[{"@type":"WebPage","@id":"https:\/\/novus.se\/en\/tjanster\/opinion-samhalle\/","url":"https:\/\/novus.se\/en\/tjanster\/opinion-samhalle\/","name":"Opinion och samh\u00e4lle - Novus analys- och unders\u00f6kningsf\u00f6retag","isPartOf":{"@id":"https:\/\/novus.se\/en\/#website"},"primaryImageOfPage":{"@id":"https:\/\/novus.se\/en\/tjanster\/opinion-samhalle\/#primaryimage"},"image":{"@id":"https:\/\/novus.se\/en\/tjanster\/opinion-samhalle\/#primaryimage"},"thumbnailUrl":"https:\/\/novus.se\/wp-content\/uploads\/2019\/11\/uteserveringbeskurenfilter.jpg","datePublished":"2019-10-02T07:48:23+00:00","dateModified":"2020-04-29T15:29:51+00:00","description":"Novus konsulter f\u00f6ljer samh\u00e4llsdebatten och har l\u00e5ng erfarenhet av opinionsunders\u00f6kningar som ett s\u00e4tt att f\u00f6rst\u00e5 och tolka de m\u00f6nster vi ser i v\u00e5r nutid.","breadcrumb":{"@id":"https:\/\/novus.se\/en\/tjanster\/opinion-samhalle\/#breadcrumb"},"inLanguage":"en-US","potentialAction":[{"@type":"ReadAction","target":["https:\/\/novus.se\/en\/tjanster\/opinion-samhalle\/"]}]},{"@type":"ImageObject","inLanguage":"en-US","@id":"https:\/\/novus.se\/en\/tjanster\/opinion-samhalle\/#primaryimage","url":"https:\/\/novus.se\/wp-content\/uploads\/2019\/11\/uteserveringbeskurenfilter.jpg","contentUrl":"https:\/\/novus.se\/wp-content\/uploads\/2019\/11\/uteserveringbeskurenfilter.jpg","width":1920,"height":372},{"@type":"BreadcrumbList","@id":"https:\/\/novus.se\/en\/tjanster\/opinion-samhalle\/#breadcrumb","itemListElement":[{"@type":"ListItem","position":1,"name":"Hem","item":"https:\/\/novus.se\/en\/"},{"@type":"ListItem","position":2,"name":"Our services","item":"https:\/\/novus.se\/en\/tjanster\/"},{"@type":"ListItem","position":3,"name":"Society and opinion"}]},{"@type":"WebSite","@id":"https:\/\/novus.se\/en\/#website","url":"https:\/\/novus.se\/en\/","name":"Novus - Kunskap och unders\u00f6kningar","description":"Makning knowledge great again","publisher":{"@id":"https:\/\/novus.se\/en\/#organization"},"potentialAction":[{"@type":"SearchAction","target":{"@type":"EntryPoint","urlTemplate":"https:\/\/novus.se\/en\/?s={search_term_string}"},"query-input":{"@type":"PropertyValueSpecification","valueRequired":true,"valueName":"search_term_string"}}],"inLanguage":"en-US"},{"@type":"Organization","@id":"https:\/\/novus.se\/en\/#organization","name":"Novus","url":"https:\/\/novus.se\/en\/","logo":{"@type":"ImageObject","inLanguage":"en-US","@id":"https:\/\/novus.se\/en\/#\/schema\/logo\/image\/","url":"https:\/\/novus.se\/wp-content\/uploads\/2017\/06\/82cc3634f4c39485e80192705cccb4a1.jpg","contentUrl":"https:\/\/novus.se\/wp-content\/uploads\/2017\/06\/82cc3634f4c39485e80192705cccb4a1.jpg","width":1500,"height":290,"caption":"Novus"},"image":{"@id":"https:\/\/novus.se\/en\/#\/schema\/logo\/image\/"}}]}},"_links":{"self":[{"href":"https:\/\/novus.se\/en\/wp-json\/wp\/v2\/pages\/8482","targetHints":{"allow":["GET"]}}],"collection":[{"href":"https:\/\/novus.se\/en\/wp-json\/wp\/v2\/pages"}],"about":[{"href":"https:\/\/novus.se\/en\/wp-json\/wp\/v2\/types\/page"}],"author":[{"embeddable":true,"href":"https:\/\/novus.se\/en\/wp-json\/wp\/v2\/users\/5"}],"replies":[{"embeddable":true,"href":"https:\/\/novus.se\/en\/wp-json\/wp\/v2\/comments?post=8482"}],"version-history":[{"count":69,"href":"https:\/\/novus.se\/en\/wp-json\/wp\/v2\/pages\/8482\/revisions"}],"predecessor-version":[{"id":15063,"href":"https:\/\/novus.se\/en\/wp-json\/wp\/v2\/pages\/8482\/revisions\/15063"}],"up":[{"embeddable":true,"href":"https:\/\/novus.se\/en\/wp-json\/wp\/v2\/pages\/14991"}],"wp:featuredmedia":[{"embeddable":true,"href":"https:\/\/novus.se\/en\/wp-json\/wp\/v2\/media\/11319"}],"wp:attachment":[{"href":"https:\/\/novus.se\/en\/wp-json\/wp\/v2\/media?parent=8482"}],"wp:term":[{"taxonomy":"post_tag","embeddable":true,"href":"https:\/\/novus.se\/en\/wp-json\/wp\/v2\/tags?post=8482"}],"curies":[{"name":"wp","href":"https:\/\/api.w.org\/{rel}","templated":true}]}}