{"id":35680,"date":"2025-06-27T12:23:21","date_gmt":"2025-06-27T10:23:21","guid":{"rendered":"https:\/\/novus.se\/?page_id=35680"},"modified":"2025-07-01T09:49:19","modified_gmt":"2025-07-01T07:49:19","slug":"the-rise-of-populism","status":"publish","type":"page","link":"https:\/\/novus.se\/en\/services\/politik-opinion\/the-rise-of-populism\/","title":{"rendered":"The Rise of Populism \u2013 A Presentation by Torbj\u00f6rn Sj\u00f6str\u00f6m"},"content":{"rendered":"<p>During this year\u2019s WAPOR presentation, Torbj\u00f6rn Sj\u00f6str\u00f6m delivered a broader lecture on the rise of populism. The presentation was very well received but, unfortunately, was not recorded. To make the content accessible to a wider audience, especially those who were unable to attend the conference, we decided to record the lecture afterward.<\/p>\n<p>The lecture is a compilation of the combined experiences and insights of Novus and Torbj\u00f6rn regarding the development of populism in Sweden and the broader Western world. The patterns identified have been recurring in many countries in recent years.<\/p>\n<p>The presentation material is based on Torbj\u00f6rn\u2019s lectures both in Sweden and at international conferences.<\/p>\n<p>The rise of populism and the interplay between voters, new media, and politicians are central themes explored by Torbj\u00f6rn Sj\u00f6str\u00f6m, CEO of Novus and Chairman of Gallup Nordic.<\/p>\n","protected":false},"excerpt":{"rendered":"<p>During this year\u2019s WAPOR presentation, Torbj\u00f6rn Sj\u00f6str\u00f6m delivered a broader lecture on the rise of populism. The presentation was very well received but, unfortunately, was not recorded. To make the content accessible to a wider audience, especially those who were unable to attend the conference, we decided to record the lecture afterward. The lecture is [&hellip;]<\/p>\n","protected":false},"author":8,"featured_media":35712,"parent":24079,"menu_order":0,"comment_status":"closed","ping_status":"closed","template":"","meta":{"_acf_changed":false,"_monsterinsights_skip_tracking":false,"_monsterinsights_sitenote_active":false,"_monsterinsights_sitenote_note":"","_monsterinsights_sitenote_category":0,"_uf_show_specific_survey":0,"_uf_disable_surveys":false,"footnotes":""},"tags":[634],"class_list":["post-35680","page","type-page","status-publish","has-post-thumbnail","hentry","tag-wapor-en"],"acf":[],"aioseo_notices":[],"yoast_head":"<!-- This site is optimized with the Yoast SEO plugin v26.5 - https:\/\/yoast.com\/wordpress\/plugins\/seo\/ -->\n<title>The Rise of Populism \u2013 A Presentation by Torbj\u00f6rn Sj\u00f6str\u00f6m - Novus<\/title>\n<meta name=\"description\" content=\"The rise of populism, and the interaction between voters, new media, and politicians, are key topics explored by Torbj\u00f6rn Sj\u00f6str\u00f6m, CEO of Novus and President of Gallup Nordic, whose insights are grounded in research.\" \/>\n<meta name=\"robots\" content=\"index, follow, max-snippet:-1, max-image-preview:large, max-video-preview:-1\" \/>\n<link rel=\"canonical\" href=\"https:\/\/novus.se\/en\/services\/politik-opinion\/the-rise-of-populism\/\" \/>\n<meta property=\"og:locale\" content=\"en_US\" \/>\n<meta property=\"og:type\" content=\"article\" \/>\n<meta property=\"og:title\" content=\"The Rise of Populism \u2013 A Presentation by Torbj\u00f6rn Sj\u00f6str\u00f6m - Novus\" \/>\n<meta property=\"og:description\" content=\"The rise of populism, and the interaction between voters, new media, and politicians, are key topics explored by Torbj\u00f6rn Sj\u00f6str\u00f6m, CEO of Novus and President of Gallup Nordic, whose insights are grounded in research.\" \/>\n<meta property=\"og:url\" content=\"https:\/\/novus.se\/en\/services\/politik-opinion\/the-rise-of-populism\/\" \/>\n<meta property=\"og:site_name\" content=\"Novus - kunskap och insiktsf\u00f6retag\" \/>\n<meta property=\"article:modified_time\" content=\"2025-07-01T07:49:19+00:00\" \/>\n<meta property=\"og:image\" content=\"https:\/\/novus.se\/wp-content\/uploads\/2025\/07\/presentationpopulismv2.jpg\" \/>\n\t<meta property=\"og:image:width\" content=\"1920\" \/>\n\t<meta property=\"og:image:height\" content=\"1075\" \/>\n\t<meta property=\"og:image:type\" content=\"image\/jpeg\" \/>\n<meta name=\"twitter:label1\" content=\"Est. reading time\" \/>\n\t<meta name=\"twitter:data1\" content=\"1 minute\" \/>\n<script type=\"application\/ld+json\" class=\"yoast-schema-graph\">{\"@context\":\"https:\/\/schema.org\",\"@graph\":[{\"@type\":\"WebPage\",\"@id\":\"https:\/\/novus.se\/en\/services\/politik-opinion\/the-rise-of-populism\/\",\"url\":\"https:\/\/novus.se\/en\/services\/politik-opinion\/the-rise-of-populism\/\",\"name\":\"The Rise of Populism \u2013 A Presentation by Torbj\u00f6rn Sj\u00f6str\u00f6m - Novus\",\"isPartOf\":{\"@id\":\"https:\/\/novus.se\/en\/#website\"},\"primaryImageOfPage\":{\"@id\":\"https:\/\/novus.se\/en\/services\/politik-opinion\/the-rise-of-populism\/#primaryimage\"},\"image\":{\"@id\":\"https:\/\/novus.se\/en\/services\/politik-opinion\/the-rise-of-populism\/#primaryimage\"},\"thumbnailUrl\":\"https:\/\/novus.se\/wp-content\/uploads\/2025\/07\/presentationpopulismv2.jpg\",\"datePublished\":\"2025-06-27T10:23:21+00:00\",\"dateModified\":\"2025-07-01T07:49:19+00:00\",\"description\":\"The rise of populism, and the interaction between voters, new media, and politicians, are key topics explored by Torbj\u00f6rn Sj\u00f6str\u00f6m, CEO of Novus and President of Gallup Nordic, whose insights are grounded in research.\",\"breadcrumb\":{\"@id\":\"https:\/\/novus.se\/en\/services\/politik-opinion\/the-rise-of-populism\/#breadcrumb\"},\"inLanguage\":\"en-US\",\"potentialAction\":[{\"@type\":\"ReadAction\",\"target\":[\"https:\/\/novus.se\/en\/services\/politik-opinion\/the-rise-of-populism\/\"]}]},{\"@type\":\"ImageObject\",\"inLanguage\":\"en-US\",\"@id\":\"https:\/\/novus.se\/en\/services\/politik-opinion\/the-rise-of-populism\/#primaryimage\",\"url\":\"https:\/\/novus.se\/wp-content\/uploads\/2025\/07\/presentationpopulismv2.jpg\",\"contentUrl\":\"https:\/\/novus.se\/wp-content\/uploads\/2025\/07\/presentationpopulismv2.jpg\",\"width\":1920,\"height\":1075},{\"@type\":\"BreadcrumbList\",\"@id\":\"https:\/\/novus.se\/en\/services\/politik-opinion\/the-rise-of-populism\/#breadcrumb\",\"itemListElement\":[{\"@type\":\"ListItem\",\"position\":1,\"name\":\"Hem\",\"item\":\"https:\/\/novus.se\/en\/\"},{\"@type\":\"ListItem\",\"position\":2,\"name\":\"Our Services\",\"item\":\"https:\/\/novus.se\/en\/services\/\"},{\"@type\":\"ListItem\",\"position\":3,\"name\":\"Politics and public opinion\",\"item\":\"https:\/\/novus.se\/en\/services\/politik-opinion\/\"},{\"@type\":\"ListItem\",\"position\":4,\"name\":\"The Rise of Populism \u2013 A Presentation by Torbj\u00f6rn Sj\u00f6str\u00f6m\"}]},{\"@type\":\"WebSite\",\"@id\":\"https:\/\/novus.se\/en\/#website\",\"url\":\"https:\/\/novus.se\/en\/\",\"name\":\"Novus - Kunskap och unders\u00f6kningar\",\"description\":\"Makning knowledge great again\",\"publisher\":{\"@id\":\"https:\/\/novus.se\/en\/#organization\"},\"potentialAction\":[{\"@type\":\"SearchAction\",\"target\":{\"@type\":\"EntryPoint\",\"urlTemplate\":\"https:\/\/novus.se\/en\/?s={search_term_string}\"},\"query-input\":{\"@type\":\"PropertyValueSpecification\",\"valueRequired\":true,\"valueName\":\"search_term_string\"}}],\"inLanguage\":\"en-US\"},{\"@type\":\"Organization\",\"@id\":\"https:\/\/novus.se\/en\/#organization\",\"name\":\"Novus\",\"url\":\"https:\/\/novus.se\/en\/\",\"logo\":{\"@type\":\"ImageObject\",\"inLanguage\":\"en-US\",\"@id\":\"https:\/\/novus.se\/en\/#\/schema\/logo\/image\/\",\"url\":\"https:\/\/novus.se\/wp-content\/uploads\/2017\/06\/82cc3634f4c39485e80192705cccb4a1.jpg\",\"contentUrl\":\"https:\/\/novus.se\/wp-content\/uploads\/2017\/06\/82cc3634f4c39485e80192705cccb4a1.jpg\",\"width\":1500,\"height\":290,\"caption\":\"Novus\"},\"image\":{\"@id\":\"https:\/\/novus.se\/en\/#\/schema\/logo\/image\/\"}}]}<\/script>\n<!-- \/ Yoast SEO plugin. -->","yoast_head_json":{"title":"The Rise of Populism \u2013 A Presentation by Torbj\u00f6rn Sj\u00f6str\u00f6m - Novus","description":"The rise of populism, and the interaction between voters, new media, and politicians, are key topics explored by Torbj\u00f6rn Sj\u00f6str\u00f6m, CEO of Novus and President of Gallup Nordic, whose insights are grounded in research.","robots":{"index":"index","follow":"follow","max-snippet":"max-snippet:-1","max-image-preview":"max-image-preview:large","max-video-preview":"max-video-preview:-1"},"canonical":"https:\/\/novus.se\/en\/services\/politik-opinion\/the-rise-of-populism\/","og_locale":"en_US","og_type":"article","og_title":"The Rise of Populism \u2013 A Presentation by Torbj\u00f6rn Sj\u00f6str\u00f6m - Novus","og_description":"The rise of populism, and the interaction between voters, new media, and politicians, are key topics explored by Torbj\u00f6rn Sj\u00f6str\u00f6m, CEO of Novus and President of Gallup Nordic, whose insights are grounded in research.","og_url":"https:\/\/novus.se\/en\/services\/politik-opinion\/the-rise-of-populism\/","og_site_name":"Novus - kunskap och insiktsf\u00f6retag","article_modified_time":"2025-07-01T07:49:19+00:00","og_image":[{"width":1920,"height":1075,"url":"https:\/\/novus.se\/wp-content\/uploads\/2025\/07\/presentationpopulismv2.jpg","type":"image\/jpeg"}],"twitter_misc":{"Est. reading time":"1 minute"},"schema":{"@context":"https:\/\/schema.org","@graph":[{"@type":"WebPage","@id":"https:\/\/novus.se\/en\/services\/politik-opinion\/the-rise-of-populism\/","url":"https:\/\/novus.se\/en\/services\/politik-opinion\/the-rise-of-populism\/","name":"The Rise of Populism \u2013 A Presentation by Torbj\u00f6rn Sj\u00f6str\u00f6m - Novus","isPartOf":{"@id":"https:\/\/novus.se\/en\/#website"},"primaryImageOfPage":{"@id":"https:\/\/novus.se\/en\/services\/politik-opinion\/the-rise-of-populism\/#primaryimage"},"image":{"@id":"https:\/\/novus.se\/en\/services\/politik-opinion\/the-rise-of-populism\/#primaryimage"},"thumbnailUrl":"https:\/\/novus.se\/wp-content\/uploads\/2025\/07\/presentationpopulismv2.jpg","datePublished":"2025-06-27T10:23:21+00:00","dateModified":"2025-07-01T07:49:19+00:00","description":"The rise of populism, and the interaction between voters, new media, and politicians, are key topics explored by Torbj\u00f6rn Sj\u00f6str\u00f6m, CEO of Novus and President of Gallup Nordic, whose insights are grounded in research.","breadcrumb":{"@id":"https:\/\/novus.se\/en\/services\/politik-opinion\/the-rise-of-populism\/#breadcrumb"},"inLanguage":"en-US","potentialAction":[{"@type":"ReadAction","target":["https:\/\/novus.se\/en\/services\/politik-opinion\/the-rise-of-populism\/"]}]},{"@type":"ImageObject","inLanguage":"en-US","@id":"https:\/\/novus.se\/en\/services\/politik-opinion\/the-rise-of-populism\/#primaryimage","url":"https:\/\/novus.se\/wp-content\/uploads\/2025\/07\/presentationpopulismv2.jpg","contentUrl":"https:\/\/novus.se\/wp-content\/uploads\/2025\/07\/presentationpopulismv2.jpg","width":1920,"height":1075},{"@type":"BreadcrumbList","@id":"https:\/\/novus.se\/en\/services\/politik-opinion\/the-rise-of-populism\/#breadcrumb","itemListElement":[{"@type":"ListItem","position":1,"name":"Hem","item":"https:\/\/novus.se\/en\/"},{"@type":"ListItem","position":2,"name":"Our Services","item":"https:\/\/novus.se\/en\/services\/"},{"@type":"ListItem","position":3,"name":"Politics and public opinion","item":"https:\/\/novus.se\/en\/services\/politik-opinion\/"},{"@type":"ListItem","position":4,"name":"The Rise of Populism \u2013 A Presentation by Torbj\u00f6rn Sj\u00f6str\u00f6m"}]},{"@type":"WebSite","@id":"https:\/\/novus.se\/en\/#website","url":"https:\/\/novus.se\/en\/","name":"Novus - Kunskap och unders\u00f6kningar","description":"Makning knowledge great again","publisher":{"@id":"https:\/\/novus.se\/en\/#organization"},"potentialAction":[{"@type":"SearchAction","target":{"@type":"EntryPoint","urlTemplate":"https:\/\/novus.se\/en\/?s={search_term_string}"},"query-input":{"@type":"PropertyValueSpecification","valueRequired":true,"valueName":"search_term_string"}}],"inLanguage":"en-US"},{"@type":"Organization","@id":"https:\/\/novus.se\/en\/#organization","name":"Novus","url":"https:\/\/novus.se\/en\/","logo":{"@type":"ImageObject","inLanguage":"en-US","@id":"https:\/\/novus.se\/en\/#\/schema\/logo\/image\/","url":"https:\/\/novus.se\/wp-content\/uploads\/2017\/06\/82cc3634f4c39485e80192705cccb4a1.jpg","contentUrl":"https:\/\/novus.se\/wp-content\/uploads\/2017\/06\/82cc3634f4c39485e80192705cccb4a1.jpg","width":1500,"height":290,"caption":"Novus"},"image":{"@id":"https:\/\/novus.se\/en\/#\/schema\/logo\/image\/"}}]}},"_links":{"self":[{"href":"https:\/\/novus.se\/en\/wp-json\/wp\/v2\/pages\/35680","targetHints":{"allow":["GET"]}}],"collection":[{"href":"https:\/\/novus.se\/en\/wp-json\/wp\/v2\/pages"}],"about":[{"href":"https:\/\/novus.se\/en\/wp-json\/wp\/v2\/types\/page"}],"author":[{"embeddable":true,"href":"https:\/\/novus.se\/en\/wp-json\/wp\/v2\/users\/8"}],"replies":[{"embeddable":true,"href":"https:\/\/novus.se\/en\/wp-json\/wp\/v2\/comments?post=35680"}],"version-history":[{"count":7,"href":"https:\/\/novus.se\/en\/wp-json\/wp\/v2\/pages\/35680\/revisions"}],"predecessor-version":[{"id":35719,"href":"https:\/\/novus.se\/en\/wp-json\/wp\/v2\/pages\/35680\/revisions\/35719"}],"up":[{"embeddable":true,"href":"https:\/\/novus.se\/en\/wp-json\/wp\/v2\/pages\/24079"}],"wp:featuredmedia":[{"embeddable":true,"href":"https:\/\/novus.se\/en\/wp-json\/wp\/v2\/media\/35712"}],"wp:attachment":[{"href":"https:\/\/novus.se\/en\/wp-json\/wp\/v2\/media?parent=35680"}],"wp:term":[{"taxonomy":"post_tag","embeddable":true,"href":"https:\/\/novus.se\/en\/wp-json\/wp\/v2\/tags?post=35680"}],"curies":[{"name":"wp","href":"https:\/\/api.w.org\/{rel}","templated":true}]}}