{"id":31259,"date":"2024-08-02T06:28:35","date_gmt":"2024-08-02T04:28:35","guid":{"rendered":"https:\/\/novus.se\/om-novus\/gallup-nordic\/"},"modified":"2024-08-06T23:31:18","modified_gmt":"2024-08-06T21:31:18","slug":"gallup-nordic","status":"publish","type":"page","link":"https:\/\/novus.se\/en\/om-novus\/gallup-nordic\/","title":{"rendered":"Gallup Nordic"},"content":{"rendered":"<h3><strong>About Gallup Nordic<\/strong><\/h3>\n<p>Svenska Gallupinstitutet, founded in 1942, is Sweden&#8217;s oldest research company.<\/p>\n<p>It was established by Sven O. Blomquist, who had contact with George Gallup and received results from his surveys. Svenska Gallupinstitutet is one of the world&#8217;s oldest Gallup companies outside the USA, where George Gallup founded his company, Gallup. George then granted the right to use his name to individuals in various countries to start local Gallup companies. This might be one of the reasons why Gallup has become synonymous with reliable opinion polls. In many countries, it has become a verb describing the methods required to conduct reliable opinion polls.<\/p>\n<p>The CEO at the time of its founding in 1942 was Sten Hultgren, but it was difficult to make the business profitable. By 1953, the company had been acquired by Lennart \u00c5kerhjelm, and the last voter barometer was published in 1954. A.C. Nielsen bought the operational activities, but Svenska Gallupinstitutet was given to the Social Democratic Party as payment for a debt. The institute remained largely dormant until Alf Sj\u00f6str\u00f6m discovered this and had the opportunity to buy it.<\/p>\n<p>Alf had just left his position as Deputy CEO at Sifo, and Svenska Gallupinstitutet found new life under his ownership. Together with TV4 and Expressen, they published monthly voter barometers, among other things. Svenska Gallupinstitutet quickly grew under Alf&#8217;s ownership and once again became one of Sweden&#8217;s most reliable research companies. However, in 2004, the global firm TNS systematically acquired Gallup companies worldwide, leaving Alf with no choice but to sell the company. Alf then started Novus, which published its first voter barometer in 2006, again in collaboration with TV4.<\/p>\n<p>In the possession of TNS, the public Gallup surveys disappeared from Sweden once again. TNS then merged with Kantar in an international structural deal. With this deal, they completely relinquished the company Svenska Gallupinstitutet and Gallup surveys in Sweden. Alf Sj\u00f6str\u00f6m once again had the opportunity to acquire Svenska Gallupinstitutet, now named Gallup Nordic, but Svenska Gallupinstitutet remains as a secondary name. However, Gallup Nordic did not immediately become active publicly, as Alf tragically passed away not long after the acquisition, and rebuilding Novus became Torbj\u00f6rn Sj\u00f6str\u00f6m&#8217;s primary focus.<\/p>\n<p>Through a merger between Gallup Nordic and Novus&#8217;s parent company ALS (Alf and Lena Sj\u00f6str\u00f6m) Invest in 2024, Gallup Nordic found a clearer context once again, becoming the parent company to Sweden&#8217;s most well-known research firm: Novus.<\/p>\n<p>Gallup Nordic has been <a href=\"https:\/\/novus.se\/en\/om-novus\/novus-membership-in-gallup-international\/\" target=\"_blank\" rel=\"noopener\">Gallup International&#8217;s member company in Sweden<\/a>, since 2022, although much of the work is carried out under the Novus name.<\/p>\n<p>For historical Gallup surveys from 1943 onwards in Sweden, they are published here: <a href=\"https:\/\/snd.se\/en\/gallup\">Swedish National Data Service (snd.se)<\/a><\/p>\n<p>Torbj\u00f6rn Sj\u00f6str\u00f6m \u00e4r styrelseordf\u00f6rande i Gallup Nordic samt \u00e4ven VD i Novus. Torbj\u00f6rn \u00e4r ocks\u00e5 styrelseledamot i Gallup International.<\/p>\n<p>Gallup Nordic and Novus now coexist in Sweden and the Nordic region, where the operational work is carried out by Novus, but Gallup Nordic is represented in international contexts. The methods used by Novus and Gallup Nordic are of absolute world-class standard, recognized by researchers around the globe. The Gallup method has been modernized and digitized by our method developers. This has led us to train other companies in our methods to help them modernize the reliable Gallup method to keep pace with the rise of mobile phones and, most importantly, the fact that the internet is the primary communication channel.<\/p>\n<h3><strong>Gallup Nordic has two registered trademarks.<\/strong><\/h3>\n<p>Image trademark<\/p>\n<p><a href=\"https:\/\/novus.se\/en\/gallup-nordic-2\/\" rel=\"attachment wp-att-31238\"><img loading=\"lazy\" decoding=\"async\" class=\"alignnone wp-image-31252\" src=\"https:\/\/novus.se\/wp-content\/uploads\/2024\/08\/gallupnordic-1.png\" alt=\"\" width=\"542\" height=\"268\" srcset=\"https:\/\/novus.se\/wp-content\/uploads\/2024\/08\/gallupnordic-1.png 1920w, https:\/\/novus.se\/wp-content\/uploads\/2024\/08\/gallupnordic-1-300x148.png 300w, https:\/\/novus.se\/wp-content\/uploads\/2024\/08\/gallupnordic-1-1024x507.png 1024w, https:\/\/novus.se\/wp-content\/uploads\/2024\/08\/gallupnordic-1-768x380.png 768w, https:\/\/novus.se\/wp-content\/uploads\/2024\/08\/gallupnordic-1-1536x760.png 1536w\" sizes=\"auto, (max-width: 542px) 100vw, 542px\" \/><\/a><\/p>\n<p><strong>Gallup Monitor<\/strong> is a registered trademark in the field of opinion surveys.<\/p>\n<p>These trademarks can be used by both Novus and the primary owner, Gallup Nordic.<\/p>\n<p>&nbsp;<\/p>\n","protected":false},"excerpt":{"rendered":"<p>About Gallup Nordic Svenska Gallupinstitutet, founded in 1942, is Sweden&#8217;s oldest research company. It was established by Sven O. Blomquist, who had contact with George Gallup and received results from his surveys. Svenska Gallupinstitutet is one of the world&#8217;s oldest Gallup companies outside the USA, where George Gallup founded his company, Gallup. George then granted [&hellip;]<\/p>\n","protected":false},"author":4,"featured_media":31253,"parent":14465,"menu_order":0,"comment_status":"closed","ping_status":"closed","template":"","meta":{"_acf_changed":false,"_monsterinsights_skip_tracking":false,"_monsterinsights_sitenote_active":false,"_monsterinsights_sitenote_note":"","_monsterinsights_sitenote_category":0,"_uf_show_specific_survey":0,"_uf_disable_surveys":false,"footnotes":""},"tags":[],"class_list":["post-31259","page","type-page","status-publish","has-post-thumbnail","hentry"],"acf":[],"yoast_head":"<!-- This site is optimized with the Yoast SEO plugin v27.4 - https:\/\/yoast.com\/product\/yoast-seo-wordpress\/ -->\n<title>Gallup Nordic - Novus<\/title>\n<meta name=\"robots\" content=\"index, follow, max-snippet:-1, max-image-preview:large, max-video-preview:-1\" \/>\n<link rel=\"canonical\" href=\"https:\/\/novus.se\/en\/om-novus\/gallup-nordic\/\" \/>\n<meta property=\"og:locale\" content=\"en_US\" \/>\n<meta property=\"og:type\" content=\"article\" \/>\n<meta property=\"og:title\" content=\"Gallup Nordic - Novus\" \/>\n<meta property=\"og:description\" content=\"About Gallup Nordic Svenska Gallupinstitutet, founded in 1942, is Sweden&#8217;s oldest research company. It was established by Sven O. Blomquist, who had contact with George Gallup and received results from his surveys. Svenska Gallupinstitutet is one of the world&#8217;s oldest Gallup companies outside the USA, where George Gallup founded his company, Gallup. George then granted [&hellip;]\" \/>\n<meta property=\"og:url\" content=\"https:\/\/novus.se\/en\/om-novus\/gallup-nordic\/\" \/>\n<meta property=\"og:site_name\" content=\"Novus - kunskap och insiktsf\u00f6retag\" \/>\n<meta property=\"article:modified_time\" content=\"2024-08-06T21:31:18+00:00\" \/>\n<meta property=\"og:image\" content=\"https:\/\/novus.se\/wp-content\/uploads\/2024\/08\/gallupnordic-1.png\" \/>\n\t<meta property=\"og:image:width\" content=\"1920\" \/>\n\t<meta property=\"og:image:height\" content=\"950\" \/>\n\t<meta property=\"og:image:type\" content=\"image\/png\" \/>\n<meta name=\"twitter:label1\" content=\"Est. reading time\" \/>\n\t<meta name=\"twitter:data1\" content=\"4 minutes\" \/>\n<script type=\"application\/ld+json\" class=\"yoast-schema-graph\">{\"@context\":\"https:\\\/\\\/schema.org\",\"@graph\":[{\"@type\":\"WebPage\",\"@id\":\"https:\\\/\\\/novus.se\\\/en\\\/om-novus\\\/gallup-nordic\\\/\",\"url\":\"https:\\\/\\\/novus.se\\\/en\\\/om-novus\\\/gallup-nordic\\\/\",\"name\":\"Gallup Nordic - Novus\",\"isPartOf\":{\"@id\":\"https:\\\/\\\/novus.se\\\/en\\\/#website\"},\"primaryImageOfPage\":{\"@id\":\"https:\\\/\\\/novus.se\\\/en\\\/om-novus\\\/gallup-nordic\\\/#primaryimage\"},\"image\":{\"@id\":\"https:\\\/\\\/novus.se\\\/en\\\/om-novus\\\/gallup-nordic\\\/#primaryimage\"},\"thumbnailUrl\":\"https:\\\/\\\/novus.se\\\/wp-content\\\/uploads\\\/2024\\\/08\\\/gallupnordic-1.png\",\"datePublished\":\"2024-08-02T04:28:35+00:00\",\"dateModified\":\"2024-08-06T21:31:18+00:00\",\"breadcrumb\":{\"@id\":\"https:\\\/\\\/novus.se\\\/en\\\/om-novus\\\/gallup-nordic\\\/#breadcrumb\"},\"inLanguage\":\"en-US\",\"potentialAction\":[{\"@type\":\"ReadAction\",\"target\":[\"https:\\\/\\\/novus.se\\\/en\\\/om-novus\\\/gallup-nordic\\\/\"]}]},{\"@type\":\"ImageObject\",\"inLanguage\":\"en-US\",\"@id\":\"https:\\\/\\\/novus.se\\\/en\\\/om-novus\\\/gallup-nordic\\\/#primaryimage\",\"url\":\"https:\\\/\\\/novus.se\\\/wp-content\\\/uploads\\\/2024\\\/08\\\/gallupnordic-1.png\",\"contentUrl\":\"https:\\\/\\\/novus.se\\\/wp-content\\\/uploads\\\/2024\\\/08\\\/gallupnordic-1.png\",\"width\":1920,\"height\":950},{\"@type\":\"BreadcrumbList\",\"@id\":\"https:\\\/\\\/novus.se\\\/en\\\/om-novus\\\/gallup-nordic\\\/#breadcrumb\",\"itemListElement\":[{\"@type\":\"ListItem\",\"position\":1,\"name\":\"Hem\",\"item\":\"https:\\\/\\\/novus.se\\\/en\\\/\"},{\"@type\":\"ListItem\",\"position\":2,\"name\":\"About Novus\",\"item\":\"https:\\\/\\\/novus.se\\\/en\\\/om-novus\\\/\"},{\"@type\":\"ListItem\",\"position\":3,\"name\":\"Gallup Nordic\"}]},{\"@type\":\"WebSite\",\"@id\":\"https:\\\/\\\/novus.se\\\/en\\\/#website\",\"url\":\"https:\\\/\\\/novus.se\\\/en\\\/\",\"name\":\"Novus - Kunskap och unders\u00f6kningar\",\"description\":\"Makning knowledge great again\",\"publisher\":{\"@id\":\"https:\\\/\\\/novus.se\\\/en\\\/#organization\"},\"potentialAction\":[{\"@type\":\"SearchAction\",\"target\":{\"@type\":\"EntryPoint\",\"urlTemplate\":\"https:\\\/\\\/novus.se\\\/en\\\/?s={search_term_string}\"},\"query-input\":{\"@type\":\"PropertyValueSpecification\",\"valueRequired\":true,\"valueName\":\"search_term_string\"}}],\"inLanguage\":\"en-US\"},{\"@type\":\"Organization\",\"@id\":\"https:\\\/\\\/novus.se\\\/en\\\/#organization\",\"name\":\"Novus\",\"url\":\"https:\\\/\\\/novus.se\\\/en\\\/\",\"logo\":{\"@type\":\"ImageObject\",\"inLanguage\":\"en-US\",\"@id\":\"https:\\\/\\\/novus.se\\\/en\\\/#\\\/schema\\\/logo\\\/image\\\/\",\"url\":\"https:\\\/\\\/novus.se\\\/wp-content\\\/uploads\\\/2017\\\/06\\\/82cc3634f4c39485e80192705cccb4a1.jpg\",\"contentUrl\":\"https:\\\/\\\/novus.se\\\/wp-content\\\/uploads\\\/2017\\\/06\\\/82cc3634f4c39485e80192705cccb4a1.jpg\",\"width\":1500,\"height\":290,\"caption\":\"Novus\"},\"image\":{\"@id\":\"https:\\\/\\\/novus.se\\\/en\\\/#\\\/schema\\\/logo\\\/image\\\/\"}}]}<\/script>\n<!-- \/ Yoast SEO plugin. -->","yoast_head_json":{"title":"Gallup Nordic - Novus","robots":{"index":"index","follow":"follow","max-snippet":"max-snippet:-1","max-image-preview":"max-image-preview:large","max-video-preview":"max-video-preview:-1"},"canonical":"https:\/\/novus.se\/en\/om-novus\/gallup-nordic\/","og_locale":"en_US","og_type":"article","og_title":"Gallup Nordic - Novus","og_description":"About Gallup Nordic Svenska Gallupinstitutet, founded in 1942, is Sweden&#8217;s oldest research company. It was established by Sven O. Blomquist, who had contact with George Gallup and received results from his surveys. Svenska Gallupinstitutet is one of the world&#8217;s oldest Gallup companies outside the USA, where George Gallup founded his company, Gallup. George then granted [&hellip;]","og_url":"https:\/\/novus.se\/en\/om-novus\/gallup-nordic\/","og_site_name":"Novus - kunskap och insiktsf\u00f6retag","article_modified_time":"2024-08-06T21:31:18+00:00","og_image":[{"width":1920,"height":950,"url":"https:\/\/novus.se\/wp-content\/uploads\/2024\/08\/gallupnordic-1.png","type":"image\/png"}],"twitter_misc":{"Est. reading time":"4 minutes"},"schema":{"@context":"https:\/\/schema.org","@graph":[{"@type":"WebPage","@id":"https:\/\/novus.se\/en\/om-novus\/gallup-nordic\/","url":"https:\/\/novus.se\/en\/om-novus\/gallup-nordic\/","name":"Gallup Nordic - Novus","isPartOf":{"@id":"https:\/\/novus.se\/en\/#website"},"primaryImageOfPage":{"@id":"https:\/\/novus.se\/en\/om-novus\/gallup-nordic\/#primaryimage"},"image":{"@id":"https:\/\/novus.se\/en\/om-novus\/gallup-nordic\/#primaryimage"},"thumbnailUrl":"https:\/\/novus.se\/wp-content\/uploads\/2024\/08\/gallupnordic-1.png","datePublished":"2024-08-02T04:28:35+00:00","dateModified":"2024-08-06T21:31:18+00:00","breadcrumb":{"@id":"https:\/\/novus.se\/en\/om-novus\/gallup-nordic\/#breadcrumb"},"inLanguage":"en-US","potentialAction":[{"@type":"ReadAction","target":["https:\/\/novus.se\/en\/om-novus\/gallup-nordic\/"]}]},{"@type":"ImageObject","inLanguage":"en-US","@id":"https:\/\/novus.se\/en\/om-novus\/gallup-nordic\/#primaryimage","url":"https:\/\/novus.se\/wp-content\/uploads\/2024\/08\/gallupnordic-1.png","contentUrl":"https:\/\/novus.se\/wp-content\/uploads\/2024\/08\/gallupnordic-1.png","width":1920,"height":950},{"@type":"BreadcrumbList","@id":"https:\/\/novus.se\/en\/om-novus\/gallup-nordic\/#breadcrumb","itemListElement":[{"@type":"ListItem","position":1,"name":"Hem","item":"https:\/\/novus.se\/en\/"},{"@type":"ListItem","position":2,"name":"About Novus","item":"https:\/\/novus.se\/en\/om-novus\/"},{"@type":"ListItem","position":3,"name":"Gallup Nordic"}]},{"@type":"WebSite","@id":"https:\/\/novus.se\/en\/#website","url":"https:\/\/novus.se\/en\/","name":"Novus - Kunskap och unders\u00f6kningar","description":"Makning knowledge great again","publisher":{"@id":"https:\/\/novus.se\/en\/#organization"},"potentialAction":[{"@type":"SearchAction","target":{"@type":"EntryPoint","urlTemplate":"https:\/\/novus.se\/en\/?s={search_term_string}"},"query-input":{"@type":"PropertyValueSpecification","valueRequired":true,"valueName":"search_term_string"}}],"inLanguage":"en-US"},{"@type":"Organization","@id":"https:\/\/novus.se\/en\/#organization","name":"Novus","url":"https:\/\/novus.se\/en\/","logo":{"@type":"ImageObject","inLanguage":"en-US","@id":"https:\/\/novus.se\/en\/#\/schema\/logo\/image\/","url":"https:\/\/novus.se\/wp-content\/uploads\/2017\/06\/82cc3634f4c39485e80192705cccb4a1.jpg","contentUrl":"https:\/\/novus.se\/wp-content\/uploads\/2017\/06\/82cc3634f4c39485e80192705cccb4a1.jpg","width":1500,"height":290,"caption":"Novus"},"image":{"@id":"https:\/\/novus.se\/en\/#\/schema\/logo\/image\/"}}]}},"_links":{"self":[{"href":"https:\/\/novus.se\/en\/wp-json\/wp\/v2\/pages\/31259","targetHints":{"allow":["GET"]}}],"collection":[{"href":"https:\/\/novus.se\/en\/wp-json\/wp\/v2\/pages"}],"about":[{"href":"https:\/\/novus.se\/en\/wp-json\/wp\/v2\/types\/page"}],"author":[{"embeddable":true,"href":"https:\/\/novus.se\/en\/wp-json\/wp\/v2\/users\/4"}],"replies":[{"embeddable":true,"href":"https:\/\/novus.se\/en\/wp-json\/wp\/v2\/comments?post=31259"}],"version-history":[{"count":6,"href":"https:\/\/novus.se\/en\/wp-json\/wp\/v2\/pages\/31259\/revisions"}],"predecessor-version":[{"id":31273,"href":"https:\/\/novus.se\/en\/wp-json\/wp\/v2\/pages\/31259\/revisions\/31273"}],"up":[{"embeddable":true,"href":"https:\/\/novus.se\/en\/wp-json\/wp\/v2\/pages\/14465"}],"wp:featuredmedia":[{"embeddable":true,"href":"https:\/\/novus.se\/en\/wp-json\/wp\/v2\/media\/31253"}],"wp:attachment":[{"href":"https:\/\/novus.se\/en\/wp-json\/wp\/v2\/media?parent=31259"}],"wp:term":[{"taxonomy":"post_tag","embeddable":true,"href":"https:\/\/novus.se\/en\/wp-json\/wp\/v2\/tags?post=31259"}],"curies":[{"name":"wp","href":"https:\/\/api.w.org\/{rel}","templated":true}]}}