{"id":25325,"date":"2023-04-26T13:10:10","date_gmt":"2023-04-26T11:10:10","guid":{"rendered":"https:\/\/novus.se\/om-novus\/novus-medlemskap-i-gallup-international\/"},"modified":"2023-07-19T21:44:56","modified_gmt":"2023-07-19T19:44:56","slug":"novus-membership-in-gallup-international","status":"publish","type":"page","link":"https:\/\/novus.se\/en\/om-novus\/novus-membership-in-gallup-international\/","title":{"rendered":"Novus membership in Gallup International"},"content":{"rendered":"<p>Novus is Sweden&#8217;s representative for Gallup International since 2022. Only one company per country can be a member and Novus&#8217; work to maintain the reliability of the survey industry has been recognized around the world. That is one of the reasons why Novus is part of the organization.<\/p>\n<p>Membership strengthens Novus internationally and opens up our contact network of collaboration partners both nationally and internationally. Today, Gallup International covers 65 countries conducting surveys in over 130 countries worldwide and reaching over 80% of the world&#8217;s population. This makes it easier for us to conduct reliable research on behalf of our clients worldwide.<\/p>\n<blockquote><p>Gallup International was founded in 1947 by George Gallup together with 11 survey companies in the world and is thus the world&#8217;s oldest global survey organization. Gallup International thus turns 75 this year.<\/p><\/blockquote>\n<p><strong><span class=\"HwtZe\" lang=\"en\"><span class=\"jCAhz ChMk0b\"><span class=\"ryNqvb\">The starting shot for Novus&#8217; collaboration with Gallup International<\/span><\/span> <\/span><\/strong><\/p>\n<p><span class=\"HwtZe\" lang=\"en\"><span class=\"jCAhz ChMk0b\"><span class=\"ryNqvb\">Novus&#8217; collaboration in Gallup International&#8217;s network was started informally in the spring of 2022 with a survey about Europeans&#8217; views on the Russian invasion of Ukraine.<\/span><\/span> <span class=\"jCAhz ChMk0b\"><span class=\"ryNqvb\">A survey even the president of Ukraine referred to and which likely had a positive contributing factor behind the EU&#8217;s decision to speed up Ukraine&#8217;s EU application.<\/span><\/span> <span class=\"jCAhz ChMk0b\"><span class=\"ryNqvb\">The survey can be read on other pages here:<\/span><\/span><\/span>\u00a0<a href=\"https:\/\/novus.se\/egnaundersokningar-arkiv\/majoritet-av-europeerna-vill-se-ukraina-i-eu\/\" target=\"_blank\" rel=\"noopener\"><strong>Novus egna unders\u00f6kningar \u2013 Majoritet av europeerna vill se Ukraina i EU<\/strong><\/a><\/p>\n<p><strong>Novus CEO elected to the board<\/strong><\/p>\n<p>During Gallup International&#8217;s annual meeting on May 10, 2023 in Tbilisi, Novus CEO Torbj\u00f6rn Sj\u00f6str\u00f6m was elected a new board member of the organization and will also be part of the operational management of Gallup International.<\/p>\n<p>The new board position for Novus&#8217; CEO means that in the future Novus will become an active part of the global network of expert companies, as well as some of the best independent research companies in the world.<\/p>\n<p><strong>Novus surveys in the world<\/strong><\/p>\n<p>The list of countries where Novus has conducted surveys is growing all the time. Here you can see all the countries in which we are currently conducting surveys.<\/p>\n<p><img loading=\"lazy\" decoding=\"async\" class=\"alignnone size-full wp-image-20250\" src=\"https:\/\/novus.se\/wp-content\/uploads\/2022\/04\/kartanovusgorundersokningar31mars2022.jpg\" sizes=\"auto, (max-width: 900px) 100vw, 900px\" srcset=\"https:\/\/novus.se\/wp-content\/uploads\/2022\/04\/kartanovusgorundersokningar31mars2022.jpg 900w, https:\/\/novus.se\/wp-content\/uploads\/2022\/04\/kartanovusgorundersokningar31mars2022-300x172.jpg 300w, https:\/\/novus.se\/wp-content\/uploads\/2022\/04\/kartanovusgorundersokningar31mars2022-768x441.jpg 768w, https:\/\/novus.se\/wp-content\/uploads\/2022\/04\/kartanovusgorundersokningar31mars2022-600x345.jpg 600w\" alt=\"\" width=\"900\" height=\"517\" \/><\/p>\n<p>Armenien, Australien, Belarus, Belgien, Brasilien, Bulgarien, Colombia, Danmark, Egypten, Estland, F\u00f6renade Arabemiraten, F\u00e4r\u00f6arna, Finland, Frankrike, Georgien, Gr\u00f6nland, Holland, Indien, Island, Israel, Italien, Japan, Kanada, Kina, Lettland, Litauen, Mexiko, Moldavien, Nederl\u00e4nderna, Norge, Polen, Portugal, Saudiarabien, Singapore, Slovakien, Spanien, Storbritannien, Sverige, Sydafrika, Sydkorea, Thailand, Tjeckien, Turkiet, Tyskland, Ukraina, Ungern, USA, Vietnam och \u00c5land.<\/p>\n","protected":false},"excerpt":{"rendered":"<p>Novus is Sweden&#8217;s representative for Gallup International since 2022. Only one company per country can be a member and Novus&#8217; work to maintain the reliability of the survey industry has been recognized around the world. That is one of the reasons why Novus is part of the organization. Membership strengthens Novus internationally and opens up [&hellip;]<\/p>\n","protected":false},"author":8,"featured_media":24221,"parent":14465,"menu_order":2,"comment_status":"closed","ping_status":"closed","template":"","meta":{"_acf_changed":false,"_monsterinsights_skip_tracking":false,"_monsterinsights_sitenote_active":false,"_monsterinsights_sitenote_note":"","_monsterinsights_sitenote_category":0,"_uf_show_specific_survey":0,"_uf_disable_surveys":false,"footnotes":""},"tags":[352,367],"class_list":["post-25325","page","type-page","status-publish","has-post-thumbnail","hentry","tag-gallup-international-en","tag-tillforlitlighet-en"],"acf":[],"yoast_head":"<!-- This site is optimized with the Yoast SEO plugin v27.4 - https:\/\/yoast.com\/product\/yoast-seo-wordpress\/ -->\n<title>Novus membership in Gallup International - Novus<\/title>\n<meta name=\"description\" content=\"Novus is Sweden&#039;s representative for Gallup International since 2022. Only one company per country can be a member and Novus&#039; work to maintain the reliability of the survey industry has been recognized around the world.\" \/>\n<meta name=\"robots\" content=\"index, follow, max-snippet:-1, max-image-preview:large, max-video-preview:-1\" \/>\n<link rel=\"canonical\" href=\"https:\/\/novus.se\/en\/om-novus\/novus-membership-in-gallup-international\/\" \/>\n<meta property=\"og:locale\" content=\"en_US\" \/>\n<meta property=\"og:type\" content=\"article\" \/>\n<meta property=\"og:title\" content=\"Novus membership in Gallup International - Novus\" \/>\n<meta property=\"og:description\" content=\"Novus is Sweden&#039;s representative for Gallup International since 2022. Only one company per country can be a member and Novus&#039; work to maintain the reliability of the survey industry has been recognized around the world.\" \/>\n<meta property=\"og:url\" content=\"https:\/\/novus.se\/en\/om-novus\/novus-membership-in-gallup-international\/\" \/>\n<meta property=\"og:site_name\" content=\"Novus - kunskap och insiktsf\u00f6retag\" \/>\n<meta property=\"article:modified_time\" content=\"2023-07-19T19:44:56+00:00\" \/>\n<meta property=\"og:image\" content=\"https:\/\/novus.se\/wp-content\/uploads\/2023\/04\/headerbildnovusmedlemskapgallupinternational.jpg\" \/>\n\t<meta property=\"og:image:width\" content=\"1920\" \/>\n\t<meta property=\"og:image:height\" content=\"372\" \/>\n\t<meta property=\"og:image:type\" content=\"image\/jpeg\" \/>\n<meta name=\"twitter:label1\" content=\"Est. reading time\" \/>\n\t<meta name=\"twitter:data1\" content=\"2 minutes\" \/>\n<script type=\"application\/ld+json\" class=\"yoast-schema-graph\">{\"@context\":\"https:\\\/\\\/schema.org\",\"@graph\":[{\"@type\":\"WebPage\",\"@id\":\"https:\\\/\\\/novus.se\\\/en\\\/om-novus\\\/novus-membership-in-gallup-international\\\/\",\"url\":\"https:\\\/\\\/novus.se\\\/en\\\/om-novus\\\/novus-membership-in-gallup-international\\\/\",\"name\":\"Novus membership in Gallup International - Novus\",\"isPartOf\":{\"@id\":\"https:\\\/\\\/novus.se\\\/en\\\/#website\"},\"primaryImageOfPage\":{\"@id\":\"https:\\\/\\\/novus.se\\\/en\\\/om-novus\\\/novus-membership-in-gallup-international\\\/#primaryimage\"},\"image\":{\"@id\":\"https:\\\/\\\/novus.se\\\/en\\\/om-novus\\\/novus-membership-in-gallup-international\\\/#primaryimage\"},\"thumbnailUrl\":\"https:\\\/\\\/novus.se\\\/wp-content\\\/uploads\\\/2023\\\/04\\\/headerbildnovusmedlemskapgallupinternational.jpg\",\"datePublished\":\"2023-04-26T11:10:10+00:00\",\"dateModified\":\"2023-07-19T19:44:56+00:00\",\"description\":\"Novus is Sweden's representative for Gallup International since 2022. Only one company per country can be a member and Novus' work to maintain the reliability of the survey industry has been recognized around the world.\",\"breadcrumb\":{\"@id\":\"https:\\\/\\\/novus.se\\\/en\\\/om-novus\\\/novus-membership-in-gallup-international\\\/#breadcrumb\"},\"inLanguage\":\"en-US\",\"potentialAction\":[{\"@type\":\"ReadAction\",\"target\":[\"https:\\\/\\\/novus.se\\\/en\\\/om-novus\\\/novus-membership-in-gallup-international\\\/\"]}]},{\"@type\":\"ImageObject\",\"inLanguage\":\"en-US\",\"@id\":\"https:\\\/\\\/novus.se\\\/en\\\/om-novus\\\/novus-membership-in-gallup-international\\\/#primaryimage\",\"url\":\"https:\\\/\\\/novus.se\\\/wp-content\\\/uploads\\\/2023\\\/04\\\/headerbildnovusmedlemskapgallupinternational.jpg\",\"contentUrl\":\"https:\\\/\\\/novus.se\\\/wp-content\\\/uploads\\\/2023\\\/04\\\/headerbildnovusmedlemskapgallupinternational.jpg\",\"width\":1920,\"height\":372,\"caption\":\"bolagsst\u00e4mma-novus\"},{\"@type\":\"BreadcrumbList\",\"@id\":\"https:\\\/\\\/novus.se\\\/en\\\/om-novus\\\/novus-membership-in-gallup-international\\\/#breadcrumb\",\"itemListElement\":[{\"@type\":\"ListItem\",\"position\":1,\"name\":\"Hem\",\"item\":\"https:\\\/\\\/novus.se\\\/en\\\/\"},{\"@type\":\"ListItem\",\"position\":2,\"name\":\"About Novus\",\"item\":\"https:\\\/\\\/novus.se\\\/en\\\/om-novus\\\/\"},{\"@type\":\"ListItem\",\"position\":3,\"name\":\"Novus membership in Gallup International\"}]},{\"@type\":\"WebSite\",\"@id\":\"https:\\\/\\\/novus.se\\\/en\\\/#website\",\"url\":\"https:\\\/\\\/novus.se\\\/en\\\/\",\"name\":\"Novus - Kunskap och unders\u00f6kningar\",\"description\":\"Makning knowledge great again\",\"publisher\":{\"@id\":\"https:\\\/\\\/novus.se\\\/en\\\/#organization\"},\"potentialAction\":[{\"@type\":\"SearchAction\",\"target\":{\"@type\":\"EntryPoint\",\"urlTemplate\":\"https:\\\/\\\/novus.se\\\/en\\\/?s={search_term_string}\"},\"query-input\":{\"@type\":\"PropertyValueSpecification\",\"valueRequired\":true,\"valueName\":\"search_term_string\"}}],\"inLanguage\":\"en-US\"},{\"@type\":\"Organization\",\"@id\":\"https:\\\/\\\/novus.se\\\/en\\\/#organization\",\"name\":\"Novus\",\"url\":\"https:\\\/\\\/novus.se\\\/en\\\/\",\"logo\":{\"@type\":\"ImageObject\",\"inLanguage\":\"en-US\",\"@id\":\"https:\\\/\\\/novus.se\\\/en\\\/#\\\/schema\\\/logo\\\/image\\\/\",\"url\":\"https:\\\/\\\/novus.se\\\/wp-content\\\/uploads\\\/2017\\\/06\\\/82cc3634f4c39485e80192705cccb4a1.jpg\",\"contentUrl\":\"https:\\\/\\\/novus.se\\\/wp-content\\\/uploads\\\/2017\\\/06\\\/82cc3634f4c39485e80192705cccb4a1.jpg\",\"width\":1500,\"height\":290,\"caption\":\"Novus\"},\"image\":{\"@id\":\"https:\\\/\\\/novus.se\\\/en\\\/#\\\/schema\\\/logo\\\/image\\\/\"}}]}<\/script>\n<!-- \/ Yoast SEO plugin. -->","yoast_head_json":{"title":"Novus membership in Gallup International - Novus","description":"Novus is Sweden's representative for Gallup International since 2022. Only one company per country can be a member and Novus' work to maintain the reliability of the survey industry has been recognized around the world.","robots":{"index":"index","follow":"follow","max-snippet":"max-snippet:-1","max-image-preview":"max-image-preview:large","max-video-preview":"max-video-preview:-1"},"canonical":"https:\/\/novus.se\/en\/om-novus\/novus-membership-in-gallup-international\/","og_locale":"en_US","og_type":"article","og_title":"Novus membership in Gallup International - Novus","og_description":"Novus is Sweden's representative for Gallup International since 2022. Only one company per country can be a member and Novus' work to maintain the reliability of the survey industry has been recognized around the world.","og_url":"https:\/\/novus.se\/en\/om-novus\/novus-membership-in-gallup-international\/","og_site_name":"Novus - kunskap och insiktsf\u00f6retag","article_modified_time":"2023-07-19T19:44:56+00:00","og_image":[{"width":1920,"height":372,"url":"https:\/\/novus.se\/wp-content\/uploads\/2023\/04\/headerbildnovusmedlemskapgallupinternational.jpg","type":"image\/jpeg"}],"twitter_misc":{"Est. reading time":"2 minutes"},"schema":{"@context":"https:\/\/schema.org","@graph":[{"@type":"WebPage","@id":"https:\/\/novus.se\/en\/om-novus\/novus-membership-in-gallup-international\/","url":"https:\/\/novus.se\/en\/om-novus\/novus-membership-in-gallup-international\/","name":"Novus membership in Gallup International - Novus","isPartOf":{"@id":"https:\/\/novus.se\/en\/#website"},"primaryImageOfPage":{"@id":"https:\/\/novus.se\/en\/om-novus\/novus-membership-in-gallup-international\/#primaryimage"},"image":{"@id":"https:\/\/novus.se\/en\/om-novus\/novus-membership-in-gallup-international\/#primaryimage"},"thumbnailUrl":"https:\/\/novus.se\/wp-content\/uploads\/2023\/04\/headerbildnovusmedlemskapgallupinternational.jpg","datePublished":"2023-04-26T11:10:10+00:00","dateModified":"2023-07-19T19:44:56+00:00","description":"Novus is Sweden's representative for Gallup International since 2022. Only one company per country can be a member and Novus' work to maintain the reliability of the survey industry has been recognized around the world.","breadcrumb":{"@id":"https:\/\/novus.se\/en\/om-novus\/novus-membership-in-gallup-international\/#breadcrumb"},"inLanguage":"en-US","potentialAction":[{"@type":"ReadAction","target":["https:\/\/novus.se\/en\/om-novus\/novus-membership-in-gallup-international\/"]}]},{"@type":"ImageObject","inLanguage":"en-US","@id":"https:\/\/novus.se\/en\/om-novus\/novus-membership-in-gallup-international\/#primaryimage","url":"https:\/\/novus.se\/wp-content\/uploads\/2023\/04\/headerbildnovusmedlemskapgallupinternational.jpg","contentUrl":"https:\/\/novus.se\/wp-content\/uploads\/2023\/04\/headerbildnovusmedlemskapgallupinternational.jpg","width":1920,"height":372,"caption":"bolagsst\u00e4mma-novus"},{"@type":"BreadcrumbList","@id":"https:\/\/novus.se\/en\/om-novus\/novus-membership-in-gallup-international\/#breadcrumb","itemListElement":[{"@type":"ListItem","position":1,"name":"Hem","item":"https:\/\/novus.se\/en\/"},{"@type":"ListItem","position":2,"name":"About Novus","item":"https:\/\/novus.se\/en\/om-novus\/"},{"@type":"ListItem","position":3,"name":"Novus membership in Gallup International"}]},{"@type":"WebSite","@id":"https:\/\/novus.se\/en\/#website","url":"https:\/\/novus.se\/en\/","name":"Novus - Kunskap och unders\u00f6kningar","description":"Makning knowledge great again","publisher":{"@id":"https:\/\/novus.se\/en\/#organization"},"potentialAction":[{"@type":"SearchAction","target":{"@type":"EntryPoint","urlTemplate":"https:\/\/novus.se\/en\/?s={search_term_string}"},"query-input":{"@type":"PropertyValueSpecification","valueRequired":true,"valueName":"search_term_string"}}],"inLanguage":"en-US"},{"@type":"Organization","@id":"https:\/\/novus.se\/en\/#organization","name":"Novus","url":"https:\/\/novus.se\/en\/","logo":{"@type":"ImageObject","inLanguage":"en-US","@id":"https:\/\/novus.se\/en\/#\/schema\/logo\/image\/","url":"https:\/\/novus.se\/wp-content\/uploads\/2017\/06\/82cc3634f4c39485e80192705cccb4a1.jpg","contentUrl":"https:\/\/novus.se\/wp-content\/uploads\/2017\/06\/82cc3634f4c39485e80192705cccb4a1.jpg","width":1500,"height":290,"caption":"Novus"},"image":{"@id":"https:\/\/novus.se\/en\/#\/schema\/logo\/image\/"}}]}},"_links":{"self":[{"href":"https:\/\/novus.se\/en\/wp-json\/wp\/v2\/pages\/25325","targetHints":{"allow":["GET"]}}],"collection":[{"href":"https:\/\/novus.se\/en\/wp-json\/wp\/v2\/pages"}],"about":[{"href":"https:\/\/novus.se\/en\/wp-json\/wp\/v2\/types\/page"}],"author":[{"embeddable":true,"href":"https:\/\/novus.se\/en\/wp-json\/wp\/v2\/users\/8"}],"replies":[{"embeddable":true,"href":"https:\/\/novus.se\/en\/wp-json\/wp\/v2\/comments?post=25325"}],"version-history":[{"count":3,"href":"https:\/\/novus.se\/en\/wp-json\/wp\/v2\/pages\/25325\/revisions"}],"predecessor-version":[{"id":25328,"href":"https:\/\/novus.se\/en\/wp-json\/wp\/v2\/pages\/25325\/revisions\/25328"}],"up":[{"embeddable":true,"href":"https:\/\/novus.se\/en\/wp-json\/wp\/v2\/pages\/14465"}],"wp:featuredmedia":[{"embeddable":true,"href":"https:\/\/novus.se\/en\/wp-json\/wp\/v2\/media\/24221"}],"wp:attachment":[{"href":"https:\/\/novus.se\/en\/wp-json\/wp\/v2\/media?parent=25325"}],"wp:term":[{"taxonomy":"post_tag","embeddable":true,"href":"https:\/\/novus.se\/en\/wp-json\/wp\/v2\/tags?post=25325"}],"curies":[{"name":"wp","href":"https:\/\/api.w.org\/{rel}","templated":true}]}}