{"id":15054,"date":"2022-10-21T12:42:38","date_gmt":"2022-10-21T10:42:38","guid":{"rendered":"https:\/\/novus.se\/valjaropinionen\/"},"modified":"2023-10-17T08:43:04","modified_gmt":"2023-10-17T06:43:04","slug":"novus-svensk-valjaropinion","status":"publish","type":"page","link":"https:\/\/novus.se\/en\/novus-svensk-valjaropinion\/","title":{"rendered":"Novus egna unders\u00f6kningar"},"content":{"rendered":"","protected":false},"excerpt":{"rendered":"","protected":false},"author":3,"featured_media":11674,"parent":0,"menu_order":0,"comment_status":"closed","ping_status":"closed","template":"template-landingpage.php","meta":{"_acf_changed":false,"_monsterinsights_skip_tracking":false,"_monsterinsights_sitenote_active":false,"_monsterinsights_sitenote_note":"","_monsterinsights_sitenote_category":0,"_uf_show_specific_survey":0,"_uf_disable_surveys":false,"footnotes":""},"tags":[166,315,319,350,351,420,421],"class_list":["post-15054","page","type-page","status-publish","has-post-thumbnail","hentry","tag-valjaropinion-en","tag-opinion-en","tag-kunskap-en","tag-fortroende-en","tag-demokrati-en","tag-corona-en","tag-novus-egna-undersokningar-en"],"acf":[],"aioseo_notices":[],"yoast_head":"<!-- This site is optimized with the Yoast SEO plugin v26.5 - https:\/\/yoast.com\/wordpress\/plugins\/seo\/ -->\n<title>Svensk V\u00e4ljaropinion - Novus - kunskap och insiktsf\u00f6retag<\/title>\n<meta name=\"description\" content=\"Novus g\u00f6r kontinuerligt egna unders\u00f6kningar d\u00e4r vi ser ett behov av att samla in kunskap inom ett visst \u00e4mne. Vi har en gedigen erfarenhet av att analysera m\u00e4nniskors v\u00e4rderingar, attityder och \u00e5sikter.\" \/>\n<meta name=\"robots\" content=\"index, follow, max-snippet:-1, max-image-preview:large, max-video-preview:-1\" \/>\n<link rel=\"canonical\" href=\"https:\/\/novus.se\/en\/novus-svensk-valjaropinion\/\" \/>\n<meta property=\"og:locale\" content=\"en_US\" \/>\n<meta property=\"og:type\" content=\"article\" \/>\n<meta property=\"og:title\" content=\"Svensk V\u00e4ljaropinion - Novus - kunskap och insiktsf\u00f6retag\" \/>\n<meta property=\"og:description\" content=\"Novus g\u00f6r kontinuerligt egna unders\u00f6kningar d\u00e4r vi ser ett behov av att samla in kunskap inom ett visst \u00e4mne. Vi har en gedigen erfarenhet av att analysera m\u00e4nniskors v\u00e4rderingar, attityder och \u00e5sikter.\" \/>\n<meta property=\"og:url\" content=\"https:\/\/novus.se\/en\/novus-svensk-valjaropinion\/\" \/>\n<meta property=\"og:site_name\" content=\"Novus - kunskap och insiktsf\u00f6retag\" \/>\n<meta property=\"article:modified_time\" content=\"2023-10-17T06:43:04+00:00\" \/>\n<meta property=\"og:image\" content=\"https:\/\/novus.se\/wp-content\/uploads\/2019\/11\/valjaropinionenfilter.jpg\" \/>\n\t<meta property=\"og:image:width\" content=\"1920\" \/>\n\t<meta property=\"og:image:height\" content=\"372\" \/>\n\t<meta property=\"og:image:type\" content=\"image\/jpeg\" \/>\n<script type=\"application\/ld+json\" class=\"yoast-schema-graph\">{\"@context\":\"https:\/\/schema.org\",\"@graph\":[{\"@type\":\"WebPage\",\"@id\":\"https:\/\/novus.se\/en\/novus-svensk-valjaropinion\/\",\"url\":\"https:\/\/novus.se\/en\/novus-svensk-valjaropinion\/\",\"name\":\"Svensk V\u00e4ljaropinion - Novus - kunskap och insiktsf\u00f6retag\",\"isPartOf\":{\"@id\":\"https:\/\/novus.se\/en\/#website\"},\"primaryImageOfPage\":{\"@id\":\"https:\/\/novus.se\/en\/novus-svensk-valjaropinion\/#primaryimage\"},\"image\":{\"@id\":\"https:\/\/novus.se\/en\/novus-svensk-valjaropinion\/#primaryimage\"},\"thumbnailUrl\":\"https:\/\/novus.se\/wp-content\/uploads\/2019\/11\/valjaropinionenfilter.jpg\",\"datePublished\":\"2022-10-21T10:42:38+00:00\",\"dateModified\":\"2023-10-17T06:43:04+00:00\",\"description\":\"Novus g\u00f6r kontinuerligt egna unders\u00f6kningar d\u00e4r vi ser ett behov av att samla in kunskap inom ett visst \u00e4mne. Vi har en gedigen erfarenhet av att analysera m\u00e4nniskors v\u00e4rderingar, attityder och \u00e5sikter.\",\"breadcrumb\":{\"@id\":\"https:\/\/novus.se\/en\/novus-svensk-valjaropinion\/#breadcrumb\"},\"inLanguage\":\"en-US\",\"potentialAction\":[{\"@type\":\"ReadAction\",\"target\":[\"https:\/\/novus.se\/en\/novus-svensk-valjaropinion\/\"]}]},{\"@type\":\"ImageObject\",\"inLanguage\":\"en-US\",\"@id\":\"https:\/\/novus.se\/en\/novus-svensk-valjaropinion\/#primaryimage\",\"url\":\"https:\/\/novus.se\/wp-content\/uploads\/2019\/11\/valjaropinionenfilter.jpg\",\"contentUrl\":\"https:\/\/novus.se\/wp-content\/uploads\/2019\/11\/valjaropinionenfilter.jpg\",\"width\":1920,\"height\":372},{\"@type\":\"BreadcrumbList\",\"@id\":\"https:\/\/novus.se\/en\/novus-svensk-valjaropinion\/#breadcrumb\",\"itemListElement\":[{\"@type\":\"ListItem\",\"position\":1,\"name\":\"Hem\",\"item\":\"https:\/\/novus.se\/en\/\"},{\"@type\":\"ListItem\",\"position\":2,\"name\":\"Novus egna unders\u00f6kningar\"}]},{\"@type\":\"WebSite\",\"@id\":\"https:\/\/novus.se\/en\/#website\",\"url\":\"https:\/\/novus.se\/en\/\",\"name\":\"Novus - Kunskap och unders\u00f6kningar\",\"description\":\"Makning knowledge great again\",\"publisher\":{\"@id\":\"https:\/\/novus.se\/en\/#organization\"},\"potentialAction\":[{\"@type\":\"SearchAction\",\"target\":{\"@type\":\"EntryPoint\",\"urlTemplate\":\"https:\/\/novus.se\/en\/?s={search_term_string}\"},\"query-input\":{\"@type\":\"PropertyValueSpecification\",\"valueRequired\":true,\"valueName\":\"search_term_string\"}}],\"inLanguage\":\"en-US\"},{\"@type\":\"Organization\",\"@id\":\"https:\/\/novus.se\/en\/#organization\",\"name\":\"Novus\",\"url\":\"https:\/\/novus.se\/en\/\",\"logo\":{\"@type\":\"ImageObject\",\"inLanguage\":\"en-US\",\"@id\":\"https:\/\/novus.se\/en\/#\/schema\/logo\/image\/\",\"url\":\"https:\/\/novus.se\/wp-content\/uploads\/2017\/06\/82cc3634f4c39485e80192705cccb4a1.jpg\",\"contentUrl\":\"https:\/\/novus.se\/wp-content\/uploads\/2017\/06\/82cc3634f4c39485e80192705cccb4a1.jpg\",\"width\":1500,\"height\":290,\"caption\":\"Novus\"},\"image\":{\"@id\":\"https:\/\/novus.se\/en\/#\/schema\/logo\/image\/\"}}]}<\/script>\n<!-- \/ Yoast SEO plugin. -->","yoast_head_json":{"title":"Svensk V\u00e4ljaropinion - Novus - kunskap och insiktsf\u00f6retag","description":"Novus g\u00f6r kontinuerligt egna unders\u00f6kningar d\u00e4r vi ser ett behov av att samla in kunskap inom ett visst \u00e4mne. Vi har en gedigen erfarenhet av att analysera m\u00e4nniskors v\u00e4rderingar, attityder och \u00e5sikter.","robots":{"index":"index","follow":"follow","max-snippet":"max-snippet:-1","max-image-preview":"max-image-preview:large","max-video-preview":"max-video-preview:-1"},"canonical":"https:\/\/novus.se\/en\/novus-svensk-valjaropinion\/","og_locale":"en_US","og_type":"article","og_title":"Svensk V\u00e4ljaropinion - Novus - kunskap och insiktsf\u00f6retag","og_description":"Novus g\u00f6r kontinuerligt egna unders\u00f6kningar d\u00e4r vi ser ett behov av att samla in kunskap inom ett visst \u00e4mne. Vi har en gedigen erfarenhet av att analysera m\u00e4nniskors v\u00e4rderingar, attityder och \u00e5sikter.","og_url":"https:\/\/novus.se\/en\/novus-svensk-valjaropinion\/","og_site_name":"Novus - kunskap och insiktsf\u00f6retag","article_modified_time":"2023-10-17T06:43:04+00:00","og_image":[{"width":1920,"height":372,"url":"https:\/\/novus.se\/wp-content\/uploads\/2019\/11\/valjaropinionenfilter.jpg","type":"image\/jpeg"}],"schema":{"@context":"https:\/\/schema.org","@graph":[{"@type":"WebPage","@id":"https:\/\/novus.se\/en\/novus-svensk-valjaropinion\/","url":"https:\/\/novus.se\/en\/novus-svensk-valjaropinion\/","name":"Svensk V\u00e4ljaropinion - Novus - kunskap och insiktsf\u00f6retag","isPartOf":{"@id":"https:\/\/novus.se\/en\/#website"},"primaryImageOfPage":{"@id":"https:\/\/novus.se\/en\/novus-svensk-valjaropinion\/#primaryimage"},"image":{"@id":"https:\/\/novus.se\/en\/novus-svensk-valjaropinion\/#primaryimage"},"thumbnailUrl":"https:\/\/novus.se\/wp-content\/uploads\/2019\/11\/valjaropinionenfilter.jpg","datePublished":"2022-10-21T10:42:38+00:00","dateModified":"2023-10-17T06:43:04+00:00","description":"Novus g\u00f6r kontinuerligt egna unders\u00f6kningar d\u00e4r vi ser ett behov av att samla in kunskap inom ett visst \u00e4mne. Vi har en gedigen erfarenhet av att analysera m\u00e4nniskors v\u00e4rderingar, attityder och \u00e5sikter.","breadcrumb":{"@id":"https:\/\/novus.se\/en\/novus-svensk-valjaropinion\/#breadcrumb"},"inLanguage":"en-US","potentialAction":[{"@type":"ReadAction","target":["https:\/\/novus.se\/en\/novus-svensk-valjaropinion\/"]}]},{"@type":"ImageObject","inLanguage":"en-US","@id":"https:\/\/novus.se\/en\/novus-svensk-valjaropinion\/#primaryimage","url":"https:\/\/novus.se\/wp-content\/uploads\/2019\/11\/valjaropinionenfilter.jpg","contentUrl":"https:\/\/novus.se\/wp-content\/uploads\/2019\/11\/valjaropinionenfilter.jpg","width":1920,"height":372},{"@type":"BreadcrumbList","@id":"https:\/\/novus.se\/en\/novus-svensk-valjaropinion\/#breadcrumb","itemListElement":[{"@type":"ListItem","position":1,"name":"Hem","item":"https:\/\/novus.se\/en\/"},{"@type":"ListItem","position":2,"name":"Novus egna unders\u00f6kningar"}]},{"@type":"WebSite","@id":"https:\/\/novus.se\/en\/#website","url":"https:\/\/novus.se\/en\/","name":"Novus - Kunskap och unders\u00f6kningar","description":"Makning knowledge great again","publisher":{"@id":"https:\/\/novus.se\/en\/#organization"},"potentialAction":[{"@type":"SearchAction","target":{"@type":"EntryPoint","urlTemplate":"https:\/\/novus.se\/en\/?s={search_term_string}"},"query-input":{"@type":"PropertyValueSpecification","valueRequired":true,"valueName":"search_term_string"}}],"inLanguage":"en-US"},{"@type":"Organization","@id":"https:\/\/novus.se\/en\/#organization","name":"Novus","url":"https:\/\/novus.se\/en\/","logo":{"@type":"ImageObject","inLanguage":"en-US","@id":"https:\/\/novus.se\/en\/#\/schema\/logo\/image\/","url":"https:\/\/novus.se\/wp-content\/uploads\/2017\/06\/82cc3634f4c39485e80192705cccb4a1.jpg","contentUrl":"https:\/\/novus.se\/wp-content\/uploads\/2017\/06\/82cc3634f4c39485e80192705cccb4a1.jpg","width":1500,"height":290,"caption":"Novus"},"image":{"@id":"https:\/\/novus.se\/en\/#\/schema\/logo\/image\/"}}]}},"_links":{"self":[{"href":"https:\/\/novus.se\/en\/wp-json\/wp\/v2\/pages\/15054","targetHints":{"allow":["GET"]}}],"collection":[{"href":"https:\/\/novus.se\/en\/wp-json\/wp\/v2\/pages"}],"about":[{"href":"https:\/\/novus.se\/en\/wp-json\/wp\/v2\/types\/page"}],"author":[{"embeddable":true,"href":"https:\/\/novus.se\/en\/wp-json\/wp\/v2\/users\/3"}],"replies":[{"embeddable":true,"href":"https:\/\/novus.se\/en\/wp-json\/wp\/v2\/comments?post=15054"}],"version-history":[{"count":4,"href":"https:\/\/novus.se\/en\/wp-json\/wp\/v2\/pages\/15054\/revisions"}],"predecessor-version":[{"id":15056,"href":"https:\/\/novus.se\/en\/wp-json\/wp\/v2\/pages\/15054\/revisions\/15056"}],"wp:featuredmedia":[{"embeddable":true,"href":"https:\/\/novus.se\/en\/wp-json\/wp\/v2\/media\/11674"}],"wp:attachment":[{"href":"https:\/\/novus.se\/en\/wp-json\/wp\/v2\/media?parent=15054"}],"wp:term":[{"taxonomy":"post_tag","embeddable":true,"href":"https:\/\/novus.se\/en\/wp-json\/wp\/v2\/tags?post=15054"}],"curies":[{"name":"wp","href":"https:\/\/api.w.org\/{rel}","templated":true}]}}