{"id":14885,"date":"2019-10-22T20:43:57","date_gmt":"2019-10-22T18:43:57","guid":{"rendered":"https:\/\/novus.se\/novus-academy\/"},"modified":"2020-04-29T15:09:32","modified_gmt":"2020-04-29T13:09:32","slug":"novus-academy","status":"publish","type":"page","link":"https:\/\/novus.se\/en\/novus-academy\/","title":{"rendered":"Novus Academy"},"content":{"rendered":"<h2>A unified platform for knowledge sharing and training on surveys<\/h2>\n<p>In companies, within organizations, in the public sector, in the media and in the social debate in general, investigations play an important role. Not surprisingly, there are both good and less good surveys that various actors carry out, take in, talk about and make decisions based on.<\/p>\n<p>Novus has long been pushing a conscious work on quality and increased understanding of what a well-conducted survey can really contribute. We want to help increase the knowledge of survey buyers, but also to spread knowledge within the different areas that we work with. We do this by holding courses, writing public reports, giving lectures and inviting to open seminars.<\/p>\n<p><strong>Read more about our <a href=\"https:\/\/novus.se\/tjanster\/novus-academy\/kurser\/\">courses<\/a>, <a href=\"https:\/\/novus.se\/tjanster\/novus-academy\/rapporter\/\">reports<\/a>, <a href=\"https:\/\/novus.se\/tjanster\/novus-academy\/forelasningar\/\">lectures<\/a> and <a href=\"https:\/\/novus.se\/tjanster\/novus-academy\/seminarier\/\">seminars<\/a> in the menu to the right.<br \/>\n<\/strong><\/p>\n","protected":false},"excerpt":{"rendered":"<p>A unified platform for knowledge sharing and training on surveys In companies, within organizations, in the public sector, in the media and in the social debate in general, investigations play an important role. Not surprisingly, there are both good and less good surveys that various actors carry out, take in, talk about and make decisions [&hellip;]<\/p>\n","protected":false},"author":5,"featured_media":13568,"parent":0,"menu_order":5,"comment_status":"closed","ping_status":"closed","template":"template-landingpage.php","meta":{"_acf_changed":false,"_monsterinsights_skip_tracking":false,"_monsterinsights_sitenote_active":false,"_monsterinsights_sitenote_note":"","_monsterinsights_sitenote_category":0,"_uf_show_specific_survey":0,"_uf_disable_surveys":false,"footnotes":""},"tags":[],"class_list":["post-14885","page","type-page","status-publish","has-post-thumbnail","hentry"],"acf":[],"aioseo_notices":[],"yoast_head":"<!-- This site is optimized with the Yoast SEO plugin v26.5 - https:\/\/yoast.com\/wordpress\/plugins\/seo\/ -->\n<title>Novus Academy - Novus analys- och unders\u00f6kningsf\u00f6retag<\/title>\n<meta name=\"description\" content=\"Novus Academy, en samlad plattform f\u00f6r kunskapsdelning och utbildning om unders\u00f6kningar; kurser, seminarier, f\u00f6rel\u00e4sningar och rapporter.\" \/>\n<meta name=\"robots\" content=\"index, follow, max-snippet:-1, max-image-preview:large, max-video-preview:-1\" \/>\n<link rel=\"canonical\" href=\"https:\/\/novus.se\/en\/novus-academy\/\" \/>\n<meta property=\"og:locale\" content=\"en_US\" \/>\n<meta property=\"og:type\" content=\"article\" \/>\n<meta property=\"og:title\" content=\"Novus Academy - Novus analys- och unders\u00f6kningsf\u00f6retag\" \/>\n<meta property=\"og:description\" content=\"Novus Academy, en samlad plattform f\u00f6r kunskapsdelning och utbildning om unders\u00f6kningar; kurser, seminarier, f\u00f6rel\u00e4sningar och rapporter.\" \/>\n<meta property=\"og:url\" content=\"https:\/\/novus.se\/en\/novus-academy\/\" \/>\n<meta property=\"og:site_name\" content=\"Novus - kunskap och insiktsf\u00f6retag\" \/>\n<meta property=\"article:modified_time\" content=\"2020-04-29T13:09:32+00:00\" \/>\n<meta property=\"og:image\" content=\"https:\/\/novus.se\/wp-content\/uploads\/2020\/01\/theclimaterealityprojecthb6uwq0i4miunsplash1-1024x683.jpg\" \/>\n\t<meta property=\"og:image:width\" content=\"1024\" \/>\n\t<meta property=\"og:image:height\" content=\"683\" \/>\n\t<meta property=\"og:image:type\" content=\"image\/jpeg\" \/>\n<meta name=\"twitter:label1\" content=\"Est. reading time\" \/>\n\t<meta name=\"twitter:data1\" content=\"1 minute\" \/>\n<script type=\"application\/ld+json\" class=\"yoast-schema-graph\">{\"@context\":\"https:\/\/schema.org\",\"@graph\":[{\"@type\":\"WebPage\",\"@id\":\"https:\/\/novus.se\/en\/novus-academy\/\",\"url\":\"https:\/\/novus.se\/en\/novus-academy\/\",\"name\":\"Novus Academy - Novus analys- och unders\u00f6kningsf\u00f6retag\",\"isPartOf\":{\"@id\":\"https:\/\/novus.se\/en\/#website\"},\"primaryImageOfPage\":{\"@id\":\"https:\/\/novus.se\/en\/novus-academy\/#primaryimage\"},\"image\":{\"@id\":\"https:\/\/novus.se\/en\/novus-academy\/#primaryimage\"},\"thumbnailUrl\":\"https:\/\/novus.se\/wp-content\/uploads\/2020\/01\/theclimaterealityprojecthb6uwq0i4miunsplash1-scaled.jpg\",\"datePublished\":\"2019-10-22T18:43:57+00:00\",\"dateModified\":\"2020-04-29T13:09:32+00:00\",\"description\":\"Novus Academy, en samlad plattform f\u00f6r kunskapsdelning och utbildning om unders\u00f6kningar; kurser, seminarier, f\u00f6rel\u00e4sningar och rapporter.\",\"breadcrumb\":{\"@id\":\"https:\/\/novus.se\/en\/novus-academy\/#breadcrumb\"},\"inLanguage\":\"en-US\",\"potentialAction\":[{\"@type\":\"ReadAction\",\"target\":[\"https:\/\/novus.se\/en\/novus-academy\/\"]}]},{\"@type\":\"ImageObject\",\"inLanguage\":\"en-US\",\"@id\":\"https:\/\/novus.se\/en\/novus-academy\/#primaryimage\",\"url\":\"https:\/\/novus.se\/wp-content\/uploads\/2020\/01\/theclimaterealityprojecthb6uwq0i4miunsplash1-scaled.jpg\",\"contentUrl\":\"https:\/\/novus.se\/wp-content\/uploads\/2020\/01\/theclimaterealityprojecthb6uwq0i4miunsplash1-scaled.jpg\",\"width\":2560,\"height\":1707},{\"@type\":\"BreadcrumbList\",\"@id\":\"https:\/\/novus.se\/en\/novus-academy\/#breadcrumb\",\"itemListElement\":[{\"@type\":\"ListItem\",\"position\":1,\"name\":\"Hem\",\"item\":\"https:\/\/novus.se\/en\/\"},{\"@type\":\"ListItem\",\"position\":2,\"name\":\"Our services\",\"item\":\"https:\/\/novus.se\/en\/tjanster\/\"},{\"@type\":\"ListItem\",\"position\":3,\"name\":\"Novus Academy\"}]},{\"@type\":\"WebSite\",\"@id\":\"https:\/\/novus.se\/en\/#website\",\"url\":\"https:\/\/novus.se\/en\/\",\"name\":\"Novus - Kunskap och unders\u00f6kningar\",\"description\":\"Makning knowledge great again\",\"publisher\":{\"@id\":\"https:\/\/novus.se\/en\/#organization\"},\"potentialAction\":[{\"@type\":\"SearchAction\",\"target\":{\"@type\":\"EntryPoint\",\"urlTemplate\":\"https:\/\/novus.se\/en\/?s={search_term_string}\"},\"query-input\":{\"@type\":\"PropertyValueSpecification\",\"valueRequired\":true,\"valueName\":\"search_term_string\"}}],\"inLanguage\":\"en-US\"},{\"@type\":\"Organization\",\"@id\":\"https:\/\/novus.se\/en\/#organization\",\"name\":\"Novus\",\"url\":\"https:\/\/novus.se\/en\/\",\"logo\":{\"@type\":\"ImageObject\",\"inLanguage\":\"en-US\",\"@id\":\"https:\/\/novus.se\/en\/#\/schema\/logo\/image\/\",\"url\":\"https:\/\/novus.se\/wp-content\/uploads\/2017\/06\/82cc3634f4c39485e80192705cccb4a1.jpg\",\"contentUrl\":\"https:\/\/novus.se\/wp-content\/uploads\/2017\/06\/82cc3634f4c39485e80192705cccb4a1.jpg\",\"width\":1500,\"height\":290,\"caption\":\"Novus\"},\"image\":{\"@id\":\"https:\/\/novus.se\/en\/#\/schema\/logo\/image\/\"}}]}<\/script>\n<!-- \/ Yoast SEO plugin. -->","yoast_head_json":{"title":"Novus Academy - Novus analys- och unders\u00f6kningsf\u00f6retag","description":"Novus Academy, en samlad plattform f\u00f6r kunskapsdelning och utbildning om unders\u00f6kningar; kurser, seminarier, f\u00f6rel\u00e4sningar och rapporter.","robots":{"index":"index","follow":"follow","max-snippet":"max-snippet:-1","max-image-preview":"max-image-preview:large","max-video-preview":"max-video-preview:-1"},"canonical":"https:\/\/novus.se\/en\/novus-academy\/","og_locale":"en_US","og_type":"article","og_title":"Novus Academy - Novus analys- och unders\u00f6kningsf\u00f6retag","og_description":"Novus Academy, en samlad plattform f\u00f6r kunskapsdelning och utbildning om unders\u00f6kningar; kurser, seminarier, f\u00f6rel\u00e4sningar och rapporter.","og_url":"https:\/\/novus.se\/en\/novus-academy\/","og_site_name":"Novus - kunskap och insiktsf\u00f6retag","article_modified_time":"2020-04-29T13:09:32+00:00","og_image":[{"width":1024,"height":683,"url":"https:\/\/novus.se\/wp-content\/uploads\/2020\/01\/theclimaterealityprojecthb6uwq0i4miunsplash1-1024x683.jpg","type":"image\/jpeg"}],"twitter_misc":{"Est. reading time":"1 minute"},"schema":{"@context":"https:\/\/schema.org","@graph":[{"@type":"WebPage","@id":"https:\/\/novus.se\/en\/novus-academy\/","url":"https:\/\/novus.se\/en\/novus-academy\/","name":"Novus Academy - Novus analys- och unders\u00f6kningsf\u00f6retag","isPartOf":{"@id":"https:\/\/novus.se\/en\/#website"},"primaryImageOfPage":{"@id":"https:\/\/novus.se\/en\/novus-academy\/#primaryimage"},"image":{"@id":"https:\/\/novus.se\/en\/novus-academy\/#primaryimage"},"thumbnailUrl":"https:\/\/novus.se\/wp-content\/uploads\/2020\/01\/theclimaterealityprojecthb6uwq0i4miunsplash1-scaled.jpg","datePublished":"2019-10-22T18:43:57+00:00","dateModified":"2020-04-29T13:09:32+00:00","description":"Novus Academy, en samlad plattform f\u00f6r kunskapsdelning och utbildning om unders\u00f6kningar; kurser, seminarier, f\u00f6rel\u00e4sningar och rapporter.","breadcrumb":{"@id":"https:\/\/novus.se\/en\/novus-academy\/#breadcrumb"},"inLanguage":"en-US","potentialAction":[{"@type":"ReadAction","target":["https:\/\/novus.se\/en\/novus-academy\/"]}]},{"@type":"ImageObject","inLanguage":"en-US","@id":"https:\/\/novus.se\/en\/novus-academy\/#primaryimage","url":"https:\/\/novus.se\/wp-content\/uploads\/2020\/01\/theclimaterealityprojecthb6uwq0i4miunsplash1-scaled.jpg","contentUrl":"https:\/\/novus.se\/wp-content\/uploads\/2020\/01\/theclimaterealityprojecthb6uwq0i4miunsplash1-scaled.jpg","width":2560,"height":1707},{"@type":"BreadcrumbList","@id":"https:\/\/novus.se\/en\/novus-academy\/#breadcrumb","itemListElement":[{"@type":"ListItem","position":1,"name":"Hem","item":"https:\/\/novus.se\/en\/"},{"@type":"ListItem","position":2,"name":"Our services","item":"https:\/\/novus.se\/en\/tjanster\/"},{"@type":"ListItem","position":3,"name":"Novus Academy"}]},{"@type":"WebSite","@id":"https:\/\/novus.se\/en\/#website","url":"https:\/\/novus.se\/en\/","name":"Novus - Kunskap och unders\u00f6kningar","description":"Makning knowledge great again","publisher":{"@id":"https:\/\/novus.se\/en\/#organization"},"potentialAction":[{"@type":"SearchAction","target":{"@type":"EntryPoint","urlTemplate":"https:\/\/novus.se\/en\/?s={search_term_string}"},"query-input":{"@type":"PropertyValueSpecification","valueRequired":true,"valueName":"search_term_string"}}],"inLanguage":"en-US"},{"@type":"Organization","@id":"https:\/\/novus.se\/en\/#organization","name":"Novus","url":"https:\/\/novus.se\/en\/","logo":{"@type":"ImageObject","inLanguage":"en-US","@id":"https:\/\/novus.se\/en\/#\/schema\/logo\/image\/","url":"https:\/\/novus.se\/wp-content\/uploads\/2017\/06\/82cc3634f4c39485e80192705cccb4a1.jpg","contentUrl":"https:\/\/novus.se\/wp-content\/uploads\/2017\/06\/82cc3634f4c39485e80192705cccb4a1.jpg","width":1500,"height":290,"caption":"Novus"},"image":{"@id":"https:\/\/novus.se\/en\/#\/schema\/logo\/image\/"}}]}},"_links":{"self":[{"href":"https:\/\/novus.se\/en\/wp-json\/wp\/v2\/pages\/14885","targetHints":{"allow":["GET"]}}],"collection":[{"href":"https:\/\/novus.se\/en\/wp-json\/wp\/v2\/pages"}],"about":[{"href":"https:\/\/novus.se\/en\/wp-json\/wp\/v2\/types\/page"}],"author":[{"embeddable":true,"href":"https:\/\/novus.se\/en\/wp-json\/wp\/v2\/users\/5"}],"replies":[{"embeddable":true,"href":"https:\/\/novus.se\/en\/wp-json\/wp\/v2\/comments?post=14885"}],"version-history":[{"count":4,"href":"https:\/\/novus.se\/en\/wp-json\/wp\/v2\/pages\/14885\/revisions"}],"predecessor-version":[{"id":15047,"href":"https:\/\/novus.se\/en\/wp-json\/wp\/v2\/pages\/14885\/revisions\/15047"}],"wp:featuredmedia":[{"embeddable":true,"href":"https:\/\/novus.se\/en\/wp-json\/wp\/v2\/media\/13568"}],"wp:attachment":[{"href":"https:\/\/novus.se\/en\/wp-json\/wp\/v2\/media?parent=14885"}],"wp:term":[{"taxonomy":"post_tag","embeddable":true,"href":"https:\/\/novus.se\/en\/wp-json\/wp\/v2\/tags?post=14885"}],"curies":[{"name":"wp","href":"https:\/\/api.w.org\/{rel}","templated":true}]}}