{"id":14469,"date":"2022-03-22T06:00:05","date_gmt":"2022-03-22T05:00:05","guid":{"rendered":"https:\/\/novus.se\/om-novus\/for-investerare\/"},"modified":"2022-11-16T09:55:55","modified_gmt":"2022-11-16T08:55:55","slug":"for-investerare","status":"publish","type":"page","link":"https:\/\/novus.se\/en\/om-novus\/for-investerare\/","title":{"rendered":"For investors"},"content":{"rendered":"<h1>Novus Group International AB<\/h1>\n<p>Novus Group International AB is a public company and listed on the Spotlight Stockmarket (formerly Aktietorget *) in Stockholm. <a href=\"https:\/\/www.spotlightstockmarket.com\/sv\/bolag\/irabout?InstrumentId=XSAT01000518\" target=\"_blank\" rel=\"noopener noreferrer\">Direct link to Novus&#8217; page on the Spotlight stock market<\/a><\/p>\n<h2>Current closing prices (curve) and volumes (bars)<\/h2>\n<p><iframe loading=\"lazy\" style=\"width: 100%; min-height: 540px;\" src=\"https:\/\/ir.spotlightstockmarket.com\/sv\/bolag\/irabout?InstrumentId=XSAT01000518\" width=\"500\" height=\"150\"><span data-mce-type=\"bookmark\" style=\"display: inline-block; width: 0px; overflow: hidden; line-height: 0;\" class=\"mce_SELRES_start\">\ufeff<\/span><\/iframe><\/p>\n<p>* In May 2018, Aktietorget changed its name to Spotlight stockmarket and are focusing on growing companies led by entrepreneurs. Since 1 November 2007, Aktietorget has been authorized by the Swedish Financial Supervisory Authority as a securities business for the operation of a trading platform. The Spotlight Stockmarket is thus under the supervision of the inspection.<\/p>\n<div style=\"position: static !important;\"><\/div>\n","protected":false},"excerpt":{"rendered":"<p>Novus Group International AB Novus Group International AB is a public company and listed on the Spotlight Stockmarket (formerly Aktietorget *) in Stockholm. Direct link to Novus&#8217; page on the Spotlight stock market Current closing prices (curve) and volumes (bars) \ufeff * In May 2018, Aktietorget changed its name to Spotlight stockmarket and are focusing [&hellip;]<\/p>\n","protected":false},"author":3,"featured_media":12306,"parent":14465,"menu_order":0,"comment_status":"closed","ping_status":"closed","template":"","meta":{"_acf_changed":false,"_monsterinsights_skip_tracking":false,"_monsterinsights_sitenote_active":false,"_monsterinsights_sitenote_note":"","_monsterinsights_sitenote_category":0,"_uf_show_specific_survey":0,"_uf_disable_surveys":false,"footnotes":""},"tags":[160],"class_list":["post-14469","page","type-page","status-publish","has-post-thumbnail","hentry","tag-om-novus-en"],"acf":[],"aioseo_notices":[],"yoast_head":"<!-- This site is optimized with the Yoast SEO plugin v26.5 - https:\/\/yoast.com\/wordpress\/plugins\/seo\/ -->\n<title>F\u00f6r investerare - Novus<\/title>\n<meta name=\"description\" content=\"Novus Group International AB \u00e4r ett publikt bolag och noterat p\u00e5 Aktietorget i Stockholm. H\u00e4r hittar du aktuella slutkurser och volymer.\" \/>\n<meta name=\"robots\" content=\"index, follow, max-snippet:-1, max-image-preview:large, max-video-preview:-1\" \/>\n<link rel=\"canonical\" href=\"https:\/\/novus.se\/en\/om-novus\/for-investerare\/\" \/>\n<meta property=\"og:locale\" content=\"en_US\" \/>\n<meta property=\"og:type\" content=\"article\" \/>\n<meta property=\"og:title\" content=\"F\u00f6r investerare - Novus\" \/>\n<meta property=\"og:description\" content=\"Novus Group International AB \u00e4r ett publikt bolag och noterat p\u00e5 Aktietorget i Stockholm. H\u00e4r hittar du aktuella slutkurser och volymer.\" \/>\n<meta property=\"og:url\" content=\"https:\/\/novus.se\/en\/om-novus\/for-investerare\/\" \/>\n<meta property=\"og:site_name\" content=\"Novus - kunskap och insiktsf\u00f6retag\" \/>\n<meta property=\"article:modified_time\" content=\"2022-11-16T08:55:55+00:00\" \/>\n<meta property=\"og:image\" content=\"https:\/\/novus.se\/wp-content\/uploads\/2019\/11\/croppednovusfavicon-5.png\" \/>\n\t<meta property=\"og:image:width\" content=\"512\" \/>\n\t<meta property=\"og:image:height\" content=\"512\" \/>\n\t<meta property=\"og:image:type\" content=\"image\/png\" \/>\n<meta name=\"twitter:label1\" content=\"Est. reading time\" \/>\n\t<meta name=\"twitter:data1\" content=\"1 minute\" \/>\n<script type=\"application\/ld+json\" class=\"yoast-schema-graph\">{\"@context\":\"https:\/\/schema.org\",\"@graph\":[{\"@type\":\"WebPage\",\"@id\":\"https:\/\/novus.se\/en\/om-novus\/for-investerare\/\",\"url\":\"https:\/\/novus.se\/en\/om-novus\/for-investerare\/\",\"name\":\"F\u00f6r investerare - Novus\",\"isPartOf\":{\"@id\":\"https:\/\/novus.se\/en\/#website\"},\"primaryImageOfPage\":{\"@id\":\"https:\/\/novus.se\/en\/om-novus\/for-investerare\/#primaryimage\"},\"image\":{\"@id\":\"https:\/\/novus.se\/en\/om-novus\/for-investerare\/#primaryimage\"},\"thumbnailUrl\":\"https:\/\/novus.se\/wp-content\/uploads\/2019\/11\/croppednovusfavicon-5.png\",\"datePublished\":\"2022-03-22T05:00:05+00:00\",\"dateModified\":\"2022-11-16T08:55:55+00:00\",\"description\":\"Novus Group International AB \u00e4r ett publikt bolag och noterat p\u00e5 Aktietorget i Stockholm. H\u00e4r hittar du aktuella slutkurser och volymer.\",\"breadcrumb\":{\"@id\":\"https:\/\/novus.se\/en\/om-novus\/for-investerare\/#breadcrumb\"},\"inLanguage\":\"en-US\",\"potentialAction\":[{\"@type\":\"ReadAction\",\"target\":[\"https:\/\/novus.se\/en\/om-novus\/for-investerare\/\"]}]},{\"@type\":\"ImageObject\",\"inLanguage\":\"en-US\",\"@id\":\"https:\/\/novus.se\/en\/om-novus\/for-investerare\/#primaryimage\",\"url\":\"https:\/\/novus.se\/wp-content\/uploads\/2019\/11\/croppednovusfavicon-5.png\",\"contentUrl\":\"https:\/\/novus.se\/wp-content\/uploads\/2019\/11\/croppednovusfavicon-5.png\",\"width\":512,\"height\":512},{\"@type\":\"BreadcrumbList\",\"@id\":\"https:\/\/novus.se\/en\/om-novus\/for-investerare\/#breadcrumb\",\"itemListElement\":[{\"@type\":\"ListItem\",\"position\":1,\"name\":\"Hem\",\"item\":\"https:\/\/novus.se\/en\/\"},{\"@type\":\"ListItem\",\"position\":2,\"name\":\"About Novus\",\"item\":\"https:\/\/novus.se\/en\/om-novus\/\"},{\"@type\":\"ListItem\",\"position\":3,\"name\":\"For investors\"}]},{\"@type\":\"WebSite\",\"@id\":\"https:\/\/novus.se\/en\/#website\",\"url\":\"https:\/\/novus.se\/en\/\",\"name\":\"Novus - Kunskap och unders\u00f6kningar\",\"description\":\"Makning knowledge great again\",\"publisher\":{\"@id\":\"https:\/\/novus.se\/en\/#organization\"},\"potentialAction\":[{\"@type\":\"SearchAction\",\"target\":{\"@type\":\"EntryPoint\",\"urlTemplate\":\"https:\/\/novus.se\/en\/?s={search_term_string}\"},\"query-input\":{\"@type\":\"PropertyValueSpecification\",\"valueRequired\":true,\"valueName\":\"search_term_string\"}}],\"inLanguage\":\"en-US\"},{\"@type\":\"Organization\",\"@id\":\"https:\/\/novus.se\/en\/#organization\",\"name\":\"Novus\",\"url\":\"https:\/\/novus.se\/en\/\",\"logo\":{\"@type\":\"ImageObject\",\"inLanguage\":\"en-US\",\"@id\":\"https:\/\/novus.se\/en\/#\/schema\/logo\/image\/\",\"url\":\"https:\/\/novus.se\/wp-content\/uploads\/2017\/06\/82cc3634f4c39485e80192705cccb4a1.jpg\",\"contentUrl\":\"https:\/\/novus.se\/wp-content\/uploads\/2017\/06\/82cc3634f4c39485e80192705cccb4a1.jpg\",\"width\":1500,\"height\":290,\"caption\":\"Novus\"},\"image\":{\"@id\":\"https:\/\/novus.se\/en\/#\/schema\/logo\/image\/\"}}]}<\/script>\n<!-- \/ Yoast SEO plugin. -->","yoast_head_json":{"title":"F\u00f6r investerare - Novus","description":"Novus Group International AB \u00e4r ett publikt bolag och noterat p\u00e5 Aktietorget i Stockholm. H\u00e4r hittar du aktuella slutkurser och volymer.","robots":{"index":"index","follow":"follow","max-snippet":"max-snippet:-1","max-image-preview":"max-image-preview:large","max-video-preview":"max-video-preview:-1"},"canonical":"https:\/\/novus.se\/en\/om-novus\/for-investerare\/","og_locale":"en_US","og_type":"article","og_title":"F\u00f6r investerare - Novus","og_description":"Novus Group International AB \u00e4r ett publikt bolag och noterat p\u00e5 Aktietorget i Stockholm. H\u00e4r hittar du aktuella slutkurser och volymer.","og_url":"https:\/\/novus.se\/en\/om-novus\/for-investerare\/","og_site_name":"Novus - kunskap och insiktsf\u00f6retag","article_modified_time":"2022-11-16T08:55:55+00:00","og_image":[{"width":512,"height":512,"url":"https:\/\/novus.se\/wp-content\/uploads\/2019\/11\/croppednovusfavicon-5.png","type":"image\/png"}],"twitter_misc":{"Est. reading time":"1 minute"},"schema":{"@context":"https:\/\/schema.org","@graph":[{"@type":"WebPage","@id":"https:\/\/novus.se\/en\/om-novus\/for-investerare\/","url":"https:\/\/novus.se\/en\/om-novus\/for-investerare\/","name":"F\u00f6r investerare - Novus","isPartOf":{"@id":"https:\/\/novus.se\/en\/#website"},"primaryImageOfPage":{"@id":"https:\/\/novus.se\/en\/om-novus\/for-investerare\/#primaryimage"},"image":{"@id":"https:\/\/novus.se\/en\/om-novus\/for-investerare\/#primaryimage"},"thumbnailUrl":"https:\/\/novus.se\/wp-content\/uploads\/2019\/11\/croppednovusfavicon-5.png","datePublished":"2022-03-22T05:00:05+00:00","dateModified":"2022-11-16T08:55:55+00:00","description":"Novus Group International AB \u00e4r ett publikt bolag och noterat p\u00e5 Aktietorget i Stockholm. H\u00e4r hittar du aktuella slutkurser och volymer.","breadcrumb":{"@id":"https:\/\/novus.se\/en\/om-novus\/for-investerare\/#breadcrumb"},"inLanguage":"en-US","potentialAction":[{"@type":"ReadAction","target":["https:\/\/novus.se\/en\/om-novus\/for-investerare\/"]}]},{"@type":"ImageObject","inLanguage":"en-US","@id":"https:\/\/novus.se\/en\/om-novus\/for-investerare\/#primaryimage","url":"https:\/\/novus.se\/wp-content\/uploads\/2019\/11\/croppednovusfavicon-5.png","contentUrl":"https:\/\/novus.se\/wp-content\/uploads\/2019\/11\/croppednovusfavicon-5.png","width":512,"height":512},{"@type":"BreadcrumbList","@id":"https:\/\/novus.se\/en\/om-novus\/for-investerare\/#breadcrumb","itemListElement":[{"@type":"ListItem","position":1,"name":"Hem","item":"https:\/\/novus.se\/en\/"},{"@type":"ListItem","position":2,"name":"About Novus","item":"https:\/\/novus.se\/en\/om-novus\/"},{"@type":"ListItem","position":3,"name":"For investors"}]},{"@type":"WebSite","@id":"https:\/\/novus.se\/en\/#website","url":"https:\/\/novus.se\/en\/","name":"Novus - Kunskap och unders\u00f6kningar","description":"Makning knowledge great again","publisher":{"@id":"https:\/\/novus.se\/en\/#organization"},"potentialAction":[{"@type":"SearchAction","target":{"@type":"EntryPoint","urlTemplate":"https:\/\/novus.se\/en\/?s={search_term_string}"},"query-input":{"@type":"PropertyValueSpecification","valueRequired":true,"valueName":"search_term_string"}}],"inLanguage":"en-US"},{"@type":"Organization","@id":"https:\/\/novus.se\/en\/#organization","name":"Novus","url":"https:\/\/novus.se\/en\/","logo":{"@type":"ImageObject","inLanguage":"en-US","@id":"https:\/\/novus.se\/en\/#\/schema\/logo\/image\/","url":"https:\/\/novus.se\/wp-content\/uploads\/2017\/06\/82cc3634f4c39485e80192705cccb4a1.jpg","contentUrl":"https:\/\/novus.se\/wp-content\/uploads\/2017\/06\/82cc3634f4c39485e80192705cccb4a1.jpg","width":1500,"height":290,"caption":"Novus"},"image":{"@id":"https:\/\/novus.se\/en\/#\/schema\/logo\/image\/"}}]}},"_links":{"self":[{"href":"https:\/\/novus.se\/en\/wp-json\/wp\/v2\/pages\/14469","targetHints":{"allow":["GET"]}}],"collection":[{"href":"https:\/\/novus.se\/en\/wp-json\/wp\/v2\/pages"}],"about":[{"href":"https:\/\/novus.se\/en\/wp-json\/wp\/v2\/types\/page"}],"author":[{"embeddable":true,"href":"https:\/\/novus.se\/en\/wp-json\/wp\/v2\/users\/3"}],"replies":[{"embeddable":true,"href":"https:\/\/novus.se\/en\/wp-json\/wp\/v2\/comments?post=14469"}],"version-history":[{"count":4,"href":"https:\/\/novus.se\/en\/wp-json\/wp\/v2\/pages\/14469\/revisions"}],"predecessor-version":[{"id":22748,"href":"https:\/\/novus.se\/en\/wp-json\/wp\/v2\/pages\/14469\/revisions\/22748"}],"up":[{"embeddable":true,"href":"https:\/\/novus.se\/en\/wp-json\/wp\/v2\/pages\/14465"}],"wp:featuredmedia":[{"embeddable":true,"href":"https:\/\/novus.se\/en\/wp-json\/wp\/v2\/media\/12306"}],"wp:attachment":[{"href":"https:\/\/novus.se\/en\/wp-json\/wp\/v2\/media?parent=14469"}],"wp:term":[{"taxonomy":"post_tag","embeddable":true,"href":"https:\/\/novus.se\/en\/wp-json\/wp\/v2\/tags?post=14469"}],"curies":[{"name":"wp","href":"https:\/\/api.w.org\/{rel}","templated":true}]}}